{"id":5599,"date":"2024-11-08T14:13:52","date_gmt":"2024-11-08T14:13:52","guid":{"rendered":"https:\/\/andreleonardo.com\/?post_type=product&#038;p=5599"},"modified":"2024-12-04T12:28:14","modified_gmt":"2024-12-04T12:28:14","slug":"estreia-oficial-documentario-faz-acontecer-uma-viagem-maior-que-o-mundo","status":"publish","type":"product","link":"https:\/\/backup.andreleonardo.com\/en\/product\/estreia-oficial-documentario-faz-acontecer-uma-viagem-maior-que-o-mundo\/","title":{"rendered":"Estreia oficial &#8211; Document\u00e1rio FAZ ACONTECER, Uma Viagem Maior que o Mundo &#8211; Angra do Hero\u00edsmo, 7 Dez, 17h"},"content":{"rendered":"<p><strong>7 Dezembro, 17h no Pequeno Audit\u00f3rio do Centro Cultural de Angra do Hero\u00edsmo<br \/>\n<\/strong><strong>Nota: <\/strong>N\u00e3o h\u00e1 lugares marcados no audit\u00f3rio pelo que se quer garantir que fica sentado ao lado de algu\u00e9m, dever\u00e1 chegar mais cedo para garantir que o consegue fazer.<\/p>\n<p style=\"font-weight: 400;\"><strong>Sinopse:<br \/>\n<\/strong>Aos 24 anos o a\u00e7oriano e terceirense Andr\u00e9 Leonardo partiu sozinho para uma expedi\u00e7\u00e3o \u00e0 volta do Mundo onde percorreu +126mil km e passaria por 4 continentes, 23 pa\u00edses. O seu objetivo era simples: procurar energia e \u00e2nimo para al\u00e9m da \u00abcrise\u00bb e da \u00abd\u00edvida\u00bb, estabelecer contacto com pessoas positivas, deixar-se contagiar por empreendedores, tanto nos neg\u00f3cios como na vida, aprender com gente que vencia todo o tipo de adversidades e que, mais do que criar empresas ou promover projetos, fazia acontecer encarando o presente e o futuro com otimismo e com capacidade de sonhar.<\/p>\n<p style=\"font-weight: 400;\">Entre ser assaltado, dormir na rua, comer atum em lata, Andr\u00e9 Leonardo n\u00e3o desistia da urg\u00eancia em recolher esses casos espalhados pelo mundo inteiro, por sociedades, culturas e contextos pol\u00edtico-econ\u00f3micos radicalmente distintos &#8211; e, no entanto, todos ligados pela mesma vontade de fazer acontecer.<\/p>\n<p style=\"font-weight: 400;\">Uma hist\u00f3ria que nos demonstra que fazer acontecer est\u00e1 ao nosso alcance, assim haja dedica\u00e7\u00e3o e compromisso.<\/p>\n<p><strong>Trailer:<br \/>\n<\/strong><\/p>\n<p><iframe title=\"Trailer - Document\u00e1rio - FAZ ACONTECER, Uma Viagem Maior que o Mundo\" width=\"1150\" height=\"647\" src=\"https:\/\/www.youtube.com\/embed\/DWUk81T3u5E?feature=oembed\" frameborder=\"0\" allow=\"accelerometer; autoplay; clipboard-write; encrypted-media; gyroscope; picture-in-picture; web-share\" referrerpolicy=\"strict-origin-when-cross-origin\" allowfullscreen><\/iframe><\/p>\n<p><strong>\u00a0<\/strong><\/p>","protected":false},"excerpt":{"rendered":"<p>7 Dezembro, 17h no Pequeno Audit\u00f3rio do Centro Cultural de Angra do Hero\u00edsmo Nota: N\u00e3o h\u00e1 lugares marcados no audit\u00f3rio pelo que se quer garantir que fica sentado ao lado de algu\u00e9m, dever\u00e1 chegar mais cedo para garantir que o consegue fazer. Sinopse: Aos 24 anos o a\u00e7oriano e terceirense Andr\u00e9 Leonardo partiu sozinho para [&hellip;]<\/p>","protected":false},"featured_media":5608,"comment_status":"open","ping_status":"closed","template":"","meta":[],"product_brand":[],"product_cat":[163],"product_tag":[],"class_list":{"0":"post-5599","1":"product","2":"type-product","3":"status-publish","4":"has-post-thumbnail","6":"product_cat-documentario","8":"first","9":"outofstock","10":"virtual","11":"taxable","12":"purchasable","13":"product-type-simple"},"yoast_head":"<!-- This site is optimized with the Yoast SEO plugin v27.4 - https:\/\/yoast.com\/product\/yoast-seo-wordpress\/ -->\n<title>Estreia oficial - Document\u00e1rio FAZ ACONTECER, Uma Viagem Maior que o Mundo - Angra do Hero\u00edsmo, 7 Dez, 17h - Andr\u00e9 Leonardo<\/title>\n<meta name=\"robots\" content=\"index, follow, max-snippet:-1, max-image-preview:large, max-video-preview:-1\" \/>\n<link rel=\"canonical\" href=\"https:\/\/backup.andreleonardo.com\/en\/product\/estreia-oficial-documentario-faz-acontecer-uma-viagem-maior-que-o-mundo\/\" \/>\n<meta property=\"og:locale\" content=\"en_GB\" \/>\n<meta property=\"og:type\" content=\"article\" \/>\n<meta property=\"og:title\" content=\"Estreia oficial - Document\u00e1rio FAZ ACONTECER, Uma Viagem Maior que o Mundo - Angra do Hero\u00edsmo, 7 Dez, 17h - Andr\u00e9 Leonardo\" \/>\n<meta property=\"og:description\" content=\"7 Dezembro, 17h no Pequeno Audit\u00f3rio do Centro Cultural de Angra do Hero\u00edsmo Nota: N\u00e3o h\u00e1 lugares marcados no audit\u00f3rio pelo que se quer garantir que fica sentado ao lado de algu\u00e9m, dever\u00e1 chegar mais cedo para garantir que o consegue fazer. Sinopse: Aos 24 anos o a\u00e7oriano e terceirense Andr\u00e9 Leonardo partiu sozinho para [&hellip;]\" \/>\n<meta property=\"og:url\" content=\"https:\/\/backup.andreleonardo.com\/en\/product\/estreia-oficial-documentario-faz-acontecer-uma-viagem-maior-que-o-mundo\/\" \/>\n<meta property=\"og:site_name\" content=\"Andr\u00e9 Leonardo\" \/>\n<meta property=\"article:modified_time\" content=\"2024-12-04T12:28:14+00:00\" \/>\n<meta property=\"og:image\" content=\"https:\/\/backup.andreleonardo.com\/wp-content\/uploads\/2024\/11\/Post-Documentario-Lancamento-copy.jpg\" \/>\n\t<meta property=\"og:image:width\" content=\"1080\" \/>\n\t<meta property=\"og:image:height\" content=\"1080\" \/>\n\t<meta property=\"og:image:type\" content=\"image\/jpeg\" \/>\n<meta name=\"twitter:card\" content=\"summary_large_image\" \/>\n<meta name=\"twitter:label1\" content=\"Estimated reading time\" \/>\n\t<meta name=\"twitter:data1\" content=\"2 minutes\" \/>\n<script type=\"application\/ld+json\" class=\"yoast-schema-graph\">{\"@context\":\"https:\\\/\\\/schema.org\",\"@graph\":[{\"@type\":\"WebPage\",\"@id\":\"https:\\\/\\\/backup.andreleonardo.com\\\/produto\\\/estreia-oficial-documentario-faz-acontecer-uma-viagem-maior-que-o-mundo\\\/\",\"url\":\"https:\\\/\\\/backup.andreleonardo.com\\\/produto\\\/estreia-oficial-documentario-faz-acontecer-uma-viagem-maior-que-o-mundo\\\/\",\"name\":\"Estreia oficial - Document\u00e1rio FAZ ACONTECER, Uma Viagem Maior que o Mundo - Angra do Hero\u00edsmo, 7 Dez, 17h - Andr\u00e9 Leonardo\",\"isPartOf\":{\"@id\":\"https:\\\/\\\/backup.andreleonardo.com\\\/#website\"},\"primaryImageOfPage\":{\"@id\":\"https:\\\/\\\/backup.andreleonardo.com\\\/produto\\\/estreia-oficial-documentario-faz-acontecer-uma-viagem-maior-que-o-mundo\\\/#primaryimage\"},\"image\":{\"@id\":\"https:\\\/\\\/backup.andreleonardo.com\\\/produto\\\/estreia-oficial-documentario-faz-acontecer-uma-viagem-maior-que-o-mundo\\\/#primaryimage\"},\"thumbnailUrl\":\"https:\\\/\\\/backup.andreleonardo.com\\\/wp-content\\\/uploads\\\/2024\\\/11\\\/Post-Documentario-Lancamento-copy.jpg\",\"datePublished\":\"2024-11-08T14:13:52+00:00\",\"dateModified\":\"2024-12-04T12:28:14+00:00\",\"breadcrumb\":{\"@id\":\"https:\\\/\\\/backup.andreleonardo.com\\\/produto\\\/estreia-oficial-documentario-faz-acontecer-uma-viagem-maior-que-o-mundo\\\/#breadcrumb\"},\"inLanguage\":\"en-GB\",\"potentialAction\":[{\"@type\":\"ReadAction\",\"target\":[\"https:\\\/\\\/backup.andreleonardo.com\\\/produto\\\/estreia-oficial-documentario-faz-acontecer-uma-viagem-maior-que-o-mundo\\\/\"]}]},{\"@type\":\"ImageObject\",\"inLanguage\":\"en-GB\",\"@id\":\"https:\\\/\\\/backup.andreleonardo.com\\\/produto\\\/estreia-oficial-documentario-faz-acontecer-uma-viagem-maior-que-o-mundo\\\/#primaryimage\",\"url\":\"https:\\\/\\\/backup.andreleonardo.com\\\/wp-content\\\/uploads\\\/2024\\\/11\\\/Post-Documentario-Lancamento-copy.jpg\",\"contentUrl\":\"https:\\\/\\\/backup.andreleonardo.com\\\/wp-content\\\/uploads\\\/2024\\\/11\\\/Post-Documentario-Lancamento-copy.jpg\",\"width\":1080,\"height\":1080},{\"@type\":\"BreadcrumbList\",\"@id\":\"https:\\\/\\\/backup.andreleonardo.com\\\/produto\\\/estreia-oficial-documentario-faz-acontecer-uma-viagem-maior-que-o-mundo\\\/#breadcrumb\",\"itemListElement\":[{\"@type\":\"ListItem\",\"position\":1,\"name\":\"In\u00edcio\",\"item\":\"https:\\\/\\\/backup.andreleonardo.com\\\/\"},{\"@type\":\"ListItem\",\"position\":2,\"name\":\"Loja\",\"item\":\"https:\\\/\\\/backup.andreleonardo.com\\\/loja\\\/\"},{\"@type\":\"ListItem\",\"position\":3,\"name\":\"Estreia oficial &#8211; Document\u00e1rio FAZ ACONTECER, Uma Viagem Maior que o Mundo &#8211; Angra do Hero\u00edsmo, 7 Dez, 17h\"}]},{\"@type\":\"WebSite\",\"@id\":\"https:\\\/\\\/backup.andreleonardo.com\\\/#website\",\"url\":\"https:\\\/\\\/backup.andreleonardo.com\\\/\",\"name\":\"Andr\u00e9 Leonardo\",\"description\":\"Empreendedor | Viajante | Autor &amp; Orador\",\"publisher\":{\"@id\":\"https:\\\/\\\/backup.andreleonardo.com\\\/#\\\/schema\\\/person\\\/1ab1704152fce946375d4c415284f0f3\"},\"potentialAction\":[{\"@type\":\"SearchAction\",\"target\":{\"@type\":\"EntryPoint\",\"urlTemplate\":\"https:\\\/\\\/backup.andreleonardo.com\\\/?s={search_term_string}\"},\"query-input\":{\"@type\":\"PropertyValueSpecification\",\"valueRequired\":true,\"valueName\":\"search_term_string\"}}],\"inLanguage\":\"en-GB\"},{\"@type\":[\"Person\",\"Organization\"],\"@id\":\"https:\\\/\\\/backup.andreleonardo.com\\\/#\\\/schema\\\/person\\\/1ab1704152fce946375d4c415284f0f3\",\"name\":\"Andr\u00e9 Leonardo\",\"image\":{\"@type\":\"ImageObject\",\"inLanguage\":\"en-GB\",\"@id\":\"https:\\\/\\\/backup.andreleonardo.com\\\/wp-content\\\/uploads\\\/2019\\\/09\\\/Andr\u00e9-Leonardo.jpg\",\"url\":\"https:\\\/\\\/backup.andreleonardo.com\\\/wp-content\\\/uploads\\\/2019\\\/09\\\/Andr\u00e9-Leonardo.jpg\",\"contentUrl\":\"https:\\\/\\\/backup.andreleonardo.com\\\/wp-content\\\/uploads\\\/2019\\\/09\\\/Andr\u00e9-Leonardo.jpg\",\"width\":1600,\"height\":500,\"caption\":\"Andr\u00e9 Leonardo\"},\"logo\":{\"@id\":\"https:\\\/\\\/backup.andreleonardo.com\\\/wp-content\\\/uploads\\\/2019\\\/09\\\/Andr\u00e9-Leonardo.jpg\"},\"description\":\"Empreendedor | Viajante | Autor &amp; Orador\",\"sameAs\":[\"https:\\\/\\\/backup.andreleonardo.com\"]}]}<\/script>\n<!-- \/ Yoast SEO plugin. -->","yoast_head_json":{"title":"Estreia oficial - Document\u00e1rio FAZ ACONTECER, Uma Viagem Maior que o Mundo - Angra do Hero\u00edsmo, 7 Dez, 17h - Andr\u00e9 Leonardo","robots":{"index":"index","follow":"follow","max-snippet":"max-snippet:-1","max-image-preview":"max-image-preview:large","max-video-preview":"max-video-preview:-1"},"canonical":"https:\/\/backup.andreleonardo.com\/en\/product\/estreia-oficial-documentario-faz-acontecer-uma-viagem-maior-que-o-mundo\/","og_locale":"en_GB","og_type":"article","og_title":"Estreia oficial - Document\u00e1rio FAZ ACONTECER, Uma Viagem Maior que o Mundo - Angra do Hero\u00edsmo, 7 Dez, 17h - Andr\u00e9 Leonardo","og_description":"7 Dezembro, 17h no Pequeno Audit\u00f3rio do Centro Cultural de Angra do Hero\u00edsmo Nota: N\u00e3o h\u00e1 lugares marcados no audit\u00f3rio pelo que se quer garantir que fica sentado ao lado de algu\u00e9m, dever\u00e1 chegar mais cedo para garantir que o consegue fazer. Sinopse: Aos 24 anos o a\u00e7oriano e terceirense Andr\u00e9 Leonardo partiu sozinho para [&hellip;]","og_url":"https:\/\/backup.andreleonardo.com\/en\/product\/estreia-oficial-documentario-faz-acontecer-uma-viagem-maior-que-o-mundo\/","og_site_name":"Andr\u00e9 Leonardo","article_modified_time":"2024-12-04T12:28:14+00:00","og_image":[{"width":1080,"height":1080,"url":"https:\/\/backup.andreleonardo.com\/wp-content\/uploads\/2024\/11\/Post-Documentario-Lancamento-copy.jpg","type":"image\/jpeg"}],"twitter_card":"summary_large_image","twitter_misc":{"Estimated reading time":"2 minutes"},"schema":{"@context":"https:\/\/schema.org","@graph":[{"@type":"WebPage","@id":"https:\/\/backup.andreleonardo.com\/produto\/estreia-oficial-documentario-faz-acontecer-uma-viagem-maior-que-o-mundo\/","url":"https:\/\/backup.andreleonardo.com\/produto\/estreia-oficial-documentario-faz-acontecer-uma-viagem-maior-que-o-mundo\/","name":"Estreia oficial - Document\u00e1rio FAZ ACONTECER, Uma Viagem Maior que o Mundo - Angra do Hero\u00edsmo, 7 Dez, 17h - Andr\u00e9 Leonardo","isPartOf":{"@id":"https:\/\/backup.andreleonardo.com\/#website"},"primaryImageOfPage":{"@id":"https:\/\/backup.andreleonardo.com\/produto\/estreia-oficial-documentario-faz-acontecer-uma-viagem-maior-que-o-mundo\/#primaryimage"},"image":{"@id":"https:\/\/backup.andreleonardo.com\/produto\/estreia-oficial-documentario-faz-acontecer-uma-viagem-maior-que-o-mundo\/#primaryimage"},"thumbnailUrl":"https:\/\/backup.andreleonardo.com\/wp-content\/uploads\/2024\/11\/Post-Documentario-Lancamento-copy.jpg","datePublished":"2024-11-08T14:13:52+00:00","dateModified":"2024-12-04T12:28:14+00:00","breadcrumb":{"@id":"https:\/\/backup.andreleonardo.com\/produto\/estreia-oficial-documentario-faz-acontecer-uma-viagem-maior-que-o-mundo\/#breadcrumb"},"inLanguage":"en-GB","potentialAction":[{"@type":"ReadAction","target":["https:\/\/backup.andreleonardo.com\/produto\/estreia-oficial-documentario-faz-acontecer-uma-viagem-maior-que-o-mundo\/"]}]},{"@type":"ImageObject","inLanguage":"en-GB","@id":"https:\/\/backup.andreleonardo.com\/produto\/estreia-oficial-documentario-faz-acontecer-uma-viagem-maior-que-o-mundo\/#primaryimage","url":"https:\/\/backup.andreleonardo.com\/wp-content\/uploads\/2024\/11\/Post-Documentario-Lancamento-copy.jpg","contentUrl":"https:\/\/backup.andreleonardo.com\/wp-content\/uploads\/2024\/11\/Post-Documentario-Lancamento-copy.jpg","width":1080,"height":1080},{"@type":"BreadcrumbList","@id":"https:\/\/backup.andreleonardo.com\/produto\/estreia-oficial-documentario-faz-acontecer-uma-viagem-maior-que-o-mundo\/#breadcrumb","itemListElement":[{"@type":"ListItem","position":1,"name":"In\u00edcio","item":"https:\/\/backup.andreleonardo.com\/"},{"@type":"ListItem","position":2,"name":"Loja","item":"https:\/\/backup.andreleonardo.com\/loja\/"},{"@type":"ListItem","position":3,"name":"Estreia oficial &#8211; Document\u00e1rio FAZ ACONTECER, Uma Viagem Maior que o Mundo &#8211; Angra do Hero\u00edsmo, 7 Dez, 17h"}]},{"@type":"WebSite","@id":"https:\/\/backup.andreleonardo.com\/#website","url":"https:\/\/backup.andreleonardo.com\/","name":"Andr\u00e9 Leonardo","description":"Empreendedor | Viajante | Autor &amp; Orador","publisher":{"@id":"https:\/\/backup.andreleonardo.com\/#\/schema\/person\/1ab1704152fce946375d4c415284f0f3"},"potentialAction":[{"@type":"SearchAction","target":{"@type":"EntryPoint","urlTemplate":"https:\/\/backup.andreleonardo.com\/?s={search_term_string}"},"query-input":{"@type":"PropertyValueSpecification","valueRequired":true,"valueName":"search_term_string"}}],"inLanguage":"en-GB"},{"@type":["Person","Organization"],"@id":"https:\/\/backup.andreleonardo.com\/#\/schema\/person\/1ab1704152fce946375d4c415284f0f3","name":"Andr\u00e9 Leonardo","image":{"@type":"ImageObject","inLanguage":"en-GB","@id":"https:\/\/backup.andreleonardo.com\/wp-content\/uploads\/2019\/09\/Andr\u00e9-Leonardo.jpg","url":"https:\/\/backup.andreleonardo.com\/wp-content\/uploads\/2019\/09\/Andr\u00e9-Leonardo.jpg","contentUrl":"https:\/\/backup.andreleonardo.com\/wp-content\/uploads\/2019\/09\/Andr\u00e9-Leonardo.jpg","width":1600,"height":500,"caption":"Andr\u00e9 Leonardo"},"logo":{"@id":"https:\/\/backup.andreleonardo.com\/wp-content\/uploads\/2019\/09\/Andr\u00e9-Leonardo.jpg"},"description":"Empreendedor | Viajante | Autor &amp; Orador","sameAs":["https:\/\/backup.andreleonardo.com"]}]}},"_links":{"self":[{"href":"https:\/\/backup.andreleonardo.com\/en\/wp-json\/wp\/v2\/product\/5599","targetHints":{"allow":["GET"]}}],"collection":[{"href":"https:\/\/backup.andreleonardo.com\/en\/wp-json\/wp\/v2\/product"}],"about":[{"href":"https:\/\/backup.andreleonardo.com\/en\/wp-json\/wp\/v2\/types\/product"}],"replies":[{"embeddable":true,"href":"https:\/\/backup.andreleonardo.com\/en\/wp-json\/wp\/v2\/comments?post=5599"}],"wp:featuredmedia":[{"embeddable":true,"href":"https:\/\/backup.andreleonardo.com\/en\/wp-json\/wp\/v2\/media\/5608"}],"wp:attachment":[{"href":"https:\/\/backup.andreleonardo.com\/en\/wp-json\/wp\/v2\/media?parent=5599"}],"wp:term":[{"taxonomy":"product_brand","embeddable":true,"href":"https:\/\/backup.andreleonardo.com\/en\/wp-json\/wp\/v2\/product_brand?post=5599"},{"taxonomy":"product_cat","embeddable":true,"href":"https:\/\/backup.andreleonardo.com\/en\/wp-json\/wp\/v2\/product_cat?post=5599"},{"taxonomy":"product_tag","embeddable":true,"href":"https:\/\/backup.andreleonardo.com\/en\/wp-json\/wp\/v2\/product_tag?post=5599"}],"curies":[{"name":"wp","href":"https:\/\/api.w.org\/{rel}","templated":true}]}}