{"id":5480,"date":"2024-08-26T10:57:07","date_gmt":"2024-08-26T10:57:07","guid":{"rendered":"https:\/\/andreleonardo.com\/?post_type=product&#038;p=5480"},"modified":"2025-07-31T20:12:20","modified_gmt":"2025-07-31T20:12:20","slug":"livro-orador-de-elite","status":"publish","type":"product","link":"https:\/\/backup.andreleonardo.com\/en\/product\/livro-orador-de-elite\/","title":{"rendered":"Book 'Elite Speaker'"},"content":{"rendered":"<div class=\"wells\">\n<h4 id=\"productPageSectionAboutBook-sinopseTitle\" class=\"right-title\" style=\"text-align: left;\">Sinopse<\/h4>\n<div id=\"productPageSectionAboutBook-sinopse\" class=\"right-text\" style=\"text-align: left;\">\n<p class=\"p1\">As li\u00e7\u00f5es e a experi\u00eancia de Andr\u00e9 Leonardo um dos mais requisitados oradores portugueses.<\/p>\n<\/div>\n<p>Sabias que&#8230;<\/p>\n<p class=\"p1\">\u2026 70% das pessoas no mundo sofrem de glossofobia, o medo de falar em p\u00fablico?<\/p>\n<p class=\"p1\">\u2026 72% dos CEOs defendem que comunicar eficazmente em p\u00fablico \u00e9 fundamental para uma carreira bem-sucedida?.<\/p>\n<p>&nbsp;<\/p>\n<p class=\"p1\">Se queres aperfei\u00e7oar os teus dotes de orador, ou te sentes desconfort\u00e1vel diante de uma plateia, este livro \u00e9 para ti.<\/p>\n<p class=\"p2\">\u2022 Aprende a vencer o nervosismo<span class=\"s1\">, a falta de confian\u00e7a <\/span>e a timidez. Conhece as compet\u00eancias essenciais para falar em p\u00fablico. Domina o palco e cativa a plateia com mestria.<\/p>\n<p class=\"p2\">\u2022 Cria uma mensagem com impacto. <span class=\"s1\">Prepara apresenta\u00e7\u00f5es <\/span>vibrantes do in\u00edcio ao fim. Com a ajuda de ferramentas que os oradores profissionais utilizam, estrutura as tuas interven\u00e7\u00f5es e define com precis\u00e3o as ideias que queres transmitir,<\/p>\n<p class=\"p2\">\u2022 Ganha dinheiro como orador. <span class=\"s1\">Rentabiliza os teus <\/span>conhecimentos, as tuas paix\u00f5es e a tua mensagem. Compreende como funciona a ind\u00fastria das palestras e forma\u00e7\u00f5es em Portugal e como te podes estabelecer no mercado, implementando um sistema que te permita ter solicita\u00e7\u00f5es com regularidade.<\/p>\n<\/div>\n<div class=\"wells\" style=\"text-align: left;\">\n<h4 id=\"productPageSectionPressCriticism-criticismTitle\" class=\"right-title\">Cr\u00edticas<\/h4>\n<div class=\"wells\">\n<div id=\"productPageSectionPressCriticism-comment\" class=\"right-text\">\n<div class=\"elementor-testimonial-content\">&#8220;Uma B\u00edblia muito pr\u00e1tica para quem quer impactar com a sua mensagem, seja em palco, seja nas reuni\u00f5es de equipa!&#8221;<\/div>\n<div class=\"elementor-testimonial-meta elementor-has-image elementor-testimonial-image-position-aside\">\n<div class=\"elementor-testimonial-meta-inner\">\n<div class=\"elementor-testimonial-details\">\n<div class=\"elementor-testimonial-name\"><strong>Tarantini &#8211; Treinador de Futebol<\/strong><\/div>\n<\/div>\n<\/div>\n<div>\n<div class=\"elementor-testimonial-content\">&#8220;Admito que as minhas duas li\u00e7\u00f5es favoritas foram:<br \/>\n1) Story Bank<br \/>\n2) Storyboard<br \/>\nN\u00e3o escondo a vergonha que senti ao constatar que dou palestras h\u00e1 30 anos e nunca fiz nem uma coisa nem outra&#8230; Mas vou retificar esse erro e SEI que isso ter\u00e1 um impacto decisivo e positivo imediato. Muito obrigado, Andr\u00e9, por esta tremenda ferramenta que disponibilizaste, que foi definitivamente o melhor investimento que fiz nos \u00faltimos anos.&#8221;<\/div>\n<div class=\"elementor-testimonial-meta elementor-has-image elementor-testimonial-image-position-aside\">\n<div class=\"elementor-testimonial-meta-inner\">\n<div class=\"elementor-testimonial-details\">\n<div class=\"elementor-testimonial-name\"><strong>Jo\u00e3o Correia &#8211; Orador, autor e fundador da FlyingSharks<\/strong><\/div>\n<div>\n<div class=\"elementor-testimonial-content\">&#8220;Quando se fala em oradores de elite, todos pensamos em super-her\u00f3is da orat\u00f3ria, que sobem a um palco sem que as pernas e a voz tremam. Mas na vida real, isso n\u00e3o \u00e9 bem assim. O Andr\u00e9, enquanto um dos oradores de elite que j\u00e1 tive o prazer de assistir na primeira fila, explica numa primeira fase tudo o que se sente antes e durante uma apresenta\u00e7\u00e3o, humanizando algo que para muitos parece ser apenas para predestinados. Depois da desmistifica\u00e7\u00e3o, v\u00eam as ferramentas para nos tornarmos tamb\u00e9m oradores de elite. A boa not\u00edcia \u00e9 que \u00e9 poss\u00edvel e funciona.&#8221;<\/div>\n<div class=\"elementor-testimonial-meta elementor-has-image elementor-testimonial-image-position-aside\">\n<div class=\"elementor-testimonial-meta-inner\">\n<div class=\"elementor-testimonial-details\">\n<div class=\"elementor-testimonial-name\"><strong>Lu\u00eds Fernandes &#8211; NacionalGest<\/strong><\/div>\n<div>\n<div class=\"elementor-testimonial-content\">&#8220;Um verdadeiro manual pr\u00e1tico que te vai ajudar a tornares-te num orador lend\u00e1rio, capaz de cativar e inspirar qualquer audi\u00eancia.&#8221;<\/div>\n<div class=\"elementor-testimonial-meta elementor-has-image elementor-testimonial-image-position-aside\">\n<div class=\"elementor-testimonial-meta-inner\">\n<div class=\"elementor-testimonial-details\">\n<div class=\"elementor-testimonial-name\"><strong>Jorge Coutinho &#8211; Coach<\/strong><\/div>\n<\/div>\n<\/div>\n<\/div>\n<\/div>\n<\/div>\n<\/div>\n<\/div>\n<\/div>\n<\/div>\n<\/div>\n<\/div>\n<\/div>\n<\/div>\n<\/div>\n<\/div>\n<\/div>","protected":false},"excerpt":{"rendered":"<p>Sinopse As li\u00e7\u00f5es e a experi\u00eancia de Andr\u00e9 Leonardo um dos mais requisitados oradores portugueses. Sabias que&#8230; \u2026 70% das pessoas no mundo sofrem de glossofobia, o medo de falar em p\u00fablico? \u2026 72% dos CEOs defendem que comunicar eficazmente em p\u00fablico \u00e9 fundamental para uma carreira bem-sucedida?. &nbsp; Se queres aperfei\u00e7oar os teus dotes [&hellip;]<\/p>","protected":false},"featured_media":5481,"comment_status":"open","ping_status":"closed","template":"","meta":[],"product_brand":[],"product_cat":[137],"product_tag":[155],"class_list":{"0":"post-5480","1":"product","2":"type-product","3":"status-publish","4":"has-post-thumbnail","6":"product_cat-livro","7":"product_tag-livro","8":"product_shipping_class-livro","10":"first","11":"instock","12":"purchasable","13":"product-type-simple"},"yoast_head":"<!-- This site is optimized with the Yoast SEO plugin v27.4 - https:\/\/yoast.com\/product\/yoast-seo-wordpress\/ -->\n<title>Livro Orador de Elite - Cria uma mensagem com impacto<\/title>\n<meta name=\"description\" content=\"Livro Orador de Elite tem as li\u00e7\u00f5es e a experi\u00eancia de Andr\u00e9 Leonardo, um dos mais requisitados oradores e formadores portugueses.\" \/>\n<meta name=\"robots\" content=\"index, follow, max-snippet:-1, max-image-preview:large, max-video-preview:-1\" \/>\n<link rel=\"canonical\" href=\"https:\/\/backup.andreleonardo.com\/en\/product\/livro-orador-de-elite\/\" \/>\n<meta property=\"og:locale\" content=\"en_GB\" \/>\n<meta property=\"og:type\" content=\"article\" \/>\n<meta property=\"og:title\" content=\"Livro Orador de Elite - Cria uma mensagem com impacto\" \/>\n<meta property=\"og:description\" content=\"Livro Orador de Elite tem as li\u00e7\u00f5es e a experi\u00eancia de Andr\u00e9 Leonardo, um dos mais requisitados oradores e formadores portugueses.\" \/>\n<meta property=\"og:url\" content=\"https:\/\/backup.andreleonardo.com\/en\/product\/livro-orador-de-elite\/\" \/>\n<meta property=\"og:site_name\" content=\"Andr\u00e9 Leonardo\" \/>\n<meta property=\"article:modified_time\" content=\"2025-07-31T20:12:20+00:00\" \/>\n<meta property=\"og:image\" content=\"https:\/\/backup.andreleonardo.com\/wp-content\/uploads\/2024\/08\/Livro-Orador-de-Elite.jpg\" \/>\n\t<meta property=\"og:image:width\" content=\"540\" \/>\n\t<meta property=\"og:image:height\" content=\"540\" \/>\n\t<meta property=\"og:image:type\" content=\"image\/jpeg\" \/>\n<meta name=\"twitter:card\" content=\"summary_large_image\" \/>\n<meta name=\"twitter:label1\" content=\"Estimated reading time\" \/>\n\t<meta name=\"twitter:data1\" content=\"3 minutes\" \/>\n<script type=\"application\/ld+json\" class=\"yoast-schema-graph\">{\"@context\":\"https:\\\/\\\/schema.org\",\"@graph\":[{\"@type\":\"WebPage\",\"@id\":\"https:\\\/\\\/backup.andreleonardo.com\\\/produto\\\/livro-orador-de-elite\\\/\",\"url\":\"https:\\\/\\\/backup.andreleonardo.com\\\/produto\\\/livro-orador-de-elite\\\/\",\"name\":\"Livro Orador de Elite - Cria uma mensagem com impacto\",\"isPartOf\":{\"@id\":\"https:\\\/\\\/backup.andreleonardo.com\\\/#website\"},\"primaryImageOfPage\":{\"@id\":\"https:\\\/\\\/backup.andreleonardo.com\\\/produto\\\/livro-orador-de-elite\\\/#primaryimage\"},\"image\":{\"@id\":\"https:\\\/\\\/backup.andreleonardo.com\\\/produto\\\/livro-orador-de-elite\\\/#primaryimage\"},\"thumbnailUrl\":\"https:\\\/\\\/backup.andreleonardo.com\\\/wp-content\\\/uploads\\\/2024\\\/08\\\/Livro-Orador-de-Elite.jpg\",\"datePublished\":\"2024-08-26T10:57:07+00:00\",\"dateModified\":\"2025-07-31T20:12:20+00:00\",\"description\":\"Livro Orador de Elite tem as li\u00e7\u00f5es e a experi\u00eancia de Andr\u00e9 Leonardo, um dos mais requisitados oradores e formadores portugueses.\",\"breadcrumb\":{\"@id\":\"https:\\\/\\\/backup.andreleonardo.com\\\/produto\\\/livro-orador-de-elite\\\/#breadcrumb\"},\"inLanguage\":\"en-GB\",\"potentialAction\":[{\"@type\":\"ReadAction\",\"target\":[\"https:\\\/\\\/backup.andreleonardo.com\\\/produto\\\/livro-orador-de-elite\\\/\"]}]},{\"@type\":\"ImageObject\",\"inLanguage\":\"en-GB\",\"@id\":\"https:\\\/\\\/backup.andreleonardo.com\\\/produto\\\/livro-orador-de-elite\\\/#primaryimage\",\"url\":\"https:\\\/\\\/backup.andreleonardo.com\\\/wp-content\\\/uploads\\\/2024\\\/08\\\/Livro-Orador-de-Elite.jpg\",\"contentUrl\":\"https:\\\/\\\/backup.andreleonardo.com\\\/wp-content\\\/uploads\\\/2024\\\/08\\\/Livro-Orador-de-Elite.jpg\",\"width\":540,\"height\":540},{\"@type\":\"BreadcrumbList\",\"@id\":\"https:\\\/\\\/backup.andreleonardo.com\\\/produto\\\/livro-orador-de-elite\\\/#breadcrumb\",\"itemListElement\":[{\"@type\":\"ListItem\",\"position\":1,\"name\":\"In\u00edcio\",\"item\":\"https:\\\/\\\/backup.andreleonardo.com\\\/\"},{\"@type\":\"ListItem\",\"position\":2,\"name\":\"Loja\",\"item\":\"https:\\\/\\\/backup.andreleonardo.com\\\/loja\\\/\"},{\"@type\":\"ListItem\",\"position\":3,\"name\":\"Livro &#8216;Orador de Elite&#8217;\"}]},{\"@type\":\"WebSite\",\"@id\":\"https:\\\/\\\/backup.andreleonardo.com\\\/#website\",\"url\":\"https:\\\/\\\/backup.andreleonardo.com\\\/\",\"name\":\"Andr\u00e9 Leonardo\",\"description\":\"Empreendedor | Viajante | Autor &amp; Orador\",\"publisher\":{\"@id\":\"https:\\\/\\\/backup.andreleonardo.com\\\/#\\\/schema\\\/person\\\/1ab1704152fce946375d4c415284f0f3\"},\"potentialAction\":[{\"@type\":\"SearchAction\",\"target\":{\"@type\":\"EntryPoint\",\"urlTemplate\":\"https:\\\/\\\/backup.andreleonardo.com\\\/?s={search_term_string}\"},\"query-input\":{\"@type\":\"PropertyValueSpecification\",\"valueRequired\":true,\"valueName\":\"search_term_string\"}}],\"inLanguage\":\"en-GB\"},{\"@type\":[\"Person\",\"Organization\"],\"@id\":\"https:\\\/\\\/backup.andreleonardo.com\\\/#\\\/schema\\\/person\\\/1ab1704152fce946375d4c415284f0f3\",\"name\":\"Andr\u00e9 Leonardo\",\"image\":{\"@type\":\"ImageObject\",\"inLanguage\":\"en-GB\",\"@id\":\"https:\\\/\\\/backup.andreleonardo.com\\\/wp-content\\\/uploads\\\/2019\\\/09\\\/Andr\u00e9-Leonardo.jpg\",\"url\":\"https:\\\/\\\/backup.andreleonardo.com\\\/wp-content\\\/uploads\\\/2019\\\/09\\\/Andr\u00e9-Leonardo.jpg\",\"contentUrl\":\"https:\\\/\\\/backup.andreleonardo.com\\\/wp-content\\\/uploads\\\/2019\\\/09\\\/Andr\u00e9-Leonardo.jpg\",\"width\":1600,\"height\":500,\"caption\":\"Andr\u00e9 Leonardo\"},\"logo\":{\"@id\":\"https:\\\/\\\/backup.andreleonardo.com\\\/wp-content\\\/uploads\\\/2019\\\/09\\\/Andr\u00e9-Leonardo.jpg\"},\"description\":\"Empreendedor | Viajante | Autor &amp; Orador\",\"sameAs\":[\"https:\\\/\\\/backup.andreleonardo.com\"]}]}<\/script>\n<!-- \/ Yoast SEO plugin. -->","yoast_head_json":{"title":"Livro Orador de Elite - Cria uma mensagem com impacto","description":"Livro Orador de Elite tem as li\u00e7\u00f5es e a experi\u00eancia de Andr\u00e9 Leonardo, um dos mais requisitados oradores e formadores portugueses.","robots":{"index":"index","follow":"follow","max-snippet":"max-snippet:-1","max-image-preview":"max-image-preview:large","max-video-preview":"max-video-preview:-1"},"canonical":"https:\/\/backup.andreleonardo.com\/en\/product\/livro-orador-de-elite\/","og_locale":"en_GB","og_type":"article","og_title":"Livro Orador de Elite - Cria uma mensagem com impacto","og_description":"Livro Orador de Elite tem as li\u00e7\u00f5es e a experi\u00eancia de Andr\u00e9 Leonardo, um dos mais requisitados oradores e formadores portugueses.","og_url":"https:\/\/backup.andreleonardo.com\/en\/product\/livro-orador-de-elite\/","og_site_name":"Andr\u00e9 Leonardo","article_modified_time":"2025-07-31T20:12:20+00:00","og_image":[{"width":540,"height":540,"url":"https:\/\/backup.andreleonardo.com\/wp-content\/uploads\/2024\/08\/Livro-Orador-de-Elite.jpg","type":"image\/jpeg"}],"twitter_card":"summary_large_image","twitter_misc":{"Estimated reading time":"3 minutes"},"schema":{"@context":"https:\/\/schema.org","@graph":[{"@type":"WebPage","@id":"https:\/\/backup.andreleonardo.com\/produto\/livro-orador-de-elite\/","url":"https:\/\/backup.andreleonardo.com\/produto\/livro-orador-de-elite\/","name":"Livro Orador de Elite - Cria uma mensagem com impacto","isPartOf":{"@id":"https:\/\/backup.andreleonardo.com\/#website"},"primaryImageOfPage":{"@id":"https:\/\/backup.andreleonardo.com\/produto\/livro-orador-de-elite\/#primaryimage"},"image":{"@id":"https:\/\/backup.andreleonardo.com\/produto\/livro-orador-de-elite\/#primaryimage"},"thumbnailUrl":"https:\/\/backup.andreleonardo.com\/wp-content\/uploads\/2024\/08\/Livro-Orador-de-Elite.jpg","datePublished":"2024-08-26T10:57:07+00:00","dateModified":"2025-07-31T20:12:20+00:00","description":"Livro Orador de Elite tem as li\u00e7\u00f5es e a experi\u00eancia de Andr\u00e9 Leonardo, um dos mais requisitados oradores e formadores portugueses.","breadcrumb":{"@id":"https:\/\/backup.andreleonardo.com\/produto\/livro-orador-de-elite\/#breadcrumb"},"inLanguage":"en-GB","potentialAction":[{"@type":"ReadAction","target":["https:\/\/backup.andreleonardo.com\/produto\/livro-orador-de-elite\/"]}]},{"@type":"ImageObject","inLanguage":"en-GB","@id":"https:\/\/backup.andreleonardo.com\/produto\/livro-orador-de-elite\/#primaryimage","url":"https:\/\/backup.andreleonardo.com\/wp-content\/uploads\/2024\/08\/Livro-Orador-de-Elite.jpg","contentUrl":"https:\/\/backup.andreleonardo.com\/wp-content\/uploads\/2024\/08\/Livro-Orador-de-Elite.jpg","width":540,"height":540},{"@type":"BreadcrumbList","@id":"https:\/\/backup.andreleonardo.com\/produto\/livro-orador-de-elite\/#breadcrumb","itemListElement":[{"@type":"ListItem","position":1,"name":"In\u00edcio","item":"https:\/\/backup.andreleonardo.com\/"},{"@type":"ListItem","position":2,"name":"Loja","item":"https:\/\/backup.andreleonardo.com\/loja\/"},{"@type":"ListItem","position":3,"name":"Livro &#8216;Orador de Elite&#8217;"}]},{"@type":"WebSite","@id":"https:\/\/backup.andreleonardo.com\/#website","url":"https:\/\/backup.andreleonardo.com\/","name":"Andr\u00e9 Leonardo","description":"Empreendedor | Viajante | Autor &amp; Orador","publisher":{"@id":"https:\/\/backup.andreleonardo.com\/#\/schema\/person\/1ab1704152fce946375d4c415284f0f3"},"potentialAction":[{"@type":"SearchAction","target":{"@type":"EntryPoint","urlTemplate":"https:\/\/backup.andreleonardo.com\/?s={search_term_string}"},"query-input":{"@type":"PropertyValueSpecification","valueRequired":true,"valueName":"search_term_string"}}],"inLanguage":"en-GB"},{"@type":["Person","Organization"],"@id":"https:\/\/backup.andreleonardo.com\/#\/schema\/person\/1ab1704152fce946375d4c415284f0f3","name":"Andr\u00e9 Leonardo","image":{"@type":"ImageObject","inLanguage":"en-GB","@id":"https:\/\/backup.andreleonardo.com\/wp-content\/uploads\/2019\/09\/Andr\u00e9-Leonardo.jpg","url":"https:\/\/backup.andreleonardo.com\/wp-content\/uploads\/2019\/09\/Andr\u00e9-Leonardo.jpg","contentUrl":"https:\/\/backup.andreleonardo.com\/wp-content\/uploads\/2019\/09\/Andr\u00e9-Leonardo.jpg","width":1600,"height":500,"caption":"Andr\u00e9 Leonardo"},"logo":{"@id":"https:\/\/backup.andreleonardo.com\/wp-content\/uploads\/2019\/09\/Andr\u00e9-Leonardo.jpg"},"description":"Empreendedor | Viajante | Autor &amp; Orador","sameAs":["https:\/\/backup.andreleonardo.com"]}]}},"_links":{"self":[{"href":"https:\/\/backup.andreleonardo.com\/en\/wp-json\/wp\/v2\/product\/5480","targetHints":{"allow":["GET"]}}],"collection":[{"href":"https:\/\/backup.andreleonardo.com\/en\/wp-json\/wp\/v2\/product"}],"about":[{"href":"https:\/\/backup.andreleonardo.com\/en\/wp-json\/wp\/v2\/types\/product"}],"replies":[{"embeddable":true,"href":"https:\/\/backup.andreleonardo.com\/en\/wp-json\/wp\/v2\/comments?post=5480"}],"wp:featuredmedia":[{"embeddable":true,"href":"https:\/\/backup.andreleonardo.com\/en\/wp-json\/wp\/v2\/media\/5481"}],"wp:attachment":[{"href":"https:\/\/backup.andreleonardo.com\/en\/wp-json\/wp\/v2\/media?parent=5480"}],"wp:term":[{"taxonomy":"product_brand","embeddable":true,"href":"https:\/\/backup.andreleonardo.com\/en\/wp-json\/wp\/v2\/product_brand?post=5480"},{"taxonomy":"product_cat","embeddable":true,"href":"https:\/\/backup.andreleonardo.com\/en\/wp-json\/wp\/v2\/product_cat?post=5480"},{"taxonomy":"product_tag","embeddable":true,"href":"https:\/\/backup.andreleonardo.com\/en\/wp-json\/wp\/v2\/product_tag?post=5480"}],"curies":[{"name":"wp","href":"https:\/\/api.w.org\/{rel}","templated":true}]}}