{"id":5311,"date":"2023-10-18T06:48:07","date_gmt":"2023-10-18T06:48:07","guid":{"rendered":"https:\/\/andreleonardo.com\/?post_type=product&#038;p=5311"},"modified":"2025-10-13T19:54:04","modified_gmt":"2025-10-13T19:54:04","slug":"bilhete-normal-faz-acontecer-talks-2025","status":"publish","type":"product","link":"https:\/\/backup.andreleonardo.com\/en\/product\/bilhete-normal-faz-acontecer-talks-2025\/","title":{"rendered":"Bilhete Normal &#8211; Faz Acontecer Talks 2025"},"content":{"rendered":"<p><strong>Este bilhete reverte a 100% para N\u00facleo Regional dos A\u00e7ores da Liga Portuguesa Contra o Cancro.<\/strong><\/p>\n<p>Em todas as edi\u00e7\u00f5es temos tido a sorte de esgotar o audit\u00f3rio. Adoravamos que a edi\u00e7\u00e3o de 2025 mantivesse este h\u00e1bito. Se pretendes vir ao evento, adquire o teu bilhete t\u00e3o r\u00e1pido quando poss\u00edvel para teres a certeza de que agarras o teu lugar.<\/p>\n<p><strong>BILHETE NORMAL<\/strong><br \/>\n\u2705 Acesso ao evento (plateia normal)<br \/>\n\u2705 2 coffee-breaks.<br \/>\n\u2705 T-shirt oficial do evento;<br \/>\n\u274c Lugar VIP nas primeiras filas centrais junto ao palco<br \/>\n\u274c Networking dinner com oradores, patrocinadores e organiza\u00e7\u00e3o<\/p>\n<p><strong>Programa previsto<\/strong><br \/>\n12h30 Check-in<br \/>\n13h00 In\u00edcio da Confer\u00eancia &amp; Sess\u00e3o de Abertura<br \/>\n13h30-15h00 Painel \u201cFazer Acontecer na Vida\u201d &#8211; 3 hist\u00f3rias inspiradoras de supera\u00e7\u00e3o<br \/>\n15h00-15h30 Coffee break #1<br \/>\n15h30-17h00 Painel \u201cFazer Acontecer nos Neg\u00f3cios\u201d &#8211; 3 hist\u00f3rias de sucesso no mundo dos neg\u00f3cios<br \/>\n17h00-17h20 Coffee break #2<br \/>\n17h20-19h00 Painel \u201cInspira\u00e7\u00e3o para Fazer Acontecer\u201d &#8211; 3 oradores inspiradores que v\u00e3o fazer refletir o audit\u00f3rio<br \/>\n19h30 Networking Dinner com oradores, sponsors e participantes (apenas para bilhetes premium)<\/p>","protected":false},"excerpt":{"rendered":"<p>Este bilhete reverte a 100% para N\u00facleo Regional dos A\u00e7ores da Liga Portuguesa Contra o Cancro. Em todas as edi\u00e7\u00f5es temos tido a sorte de esgotar o audit\u00f3rio. Adoravamos que a edi\u00e7\u00e3o de 2025 mantivesse este h\u00e1bito. Se pretendes vir ao evento, adquire o teu bilhete t\u00e3o r\u00e1pido quando poss\u00edvel para teres a certeza de [&hellip;]<\/p>","protected":false},"featured_media":7806,"comment_status":"closed","ping_status":"closed","template":"","meta":[],"product_brand":[],"product_cat":[162],"product_tag":[],"class_list":{"0":"post-5311","1":"product","2":"type-product","3":"status-publish","4":"has-post-thumbnail","6":"product_cat-faz-acontecer-talks","8":"first","9":"instock","10":"virtual","11":"purchasable","12":"product-type-simple"},"yoast_head":"<!-- This site is optimized with the Yoast SEO plugin v27.4 - https:\/\/yoast.com\/product\/yoast-seo-wordpress\/ -->\n<title>Bilhete Normal - Faz Acontecer Talks 2025<\/title>\n<meta name=\"robots\" content=\"index, follow, max-snippet:-1, max-image-preview:large, max-video-preview:-1\" \/>\n<link rel=\"canonical\" href=\"https:\/\/backup.andreleonardo.com\/en\/product\/bilhete-normal-faz-acontecer-talks-2025\/\" \/>\n<meta property=\"og:locale\" content=\"en_GB\" \/>\n<meta property=\"og:type\" content=\"article\" \/>\n<meta property=\"og:title\" content=\"Bilhete Normal - Faz Acontecer Talks 2025\" \/>\n<meta property=\"og:description\" content=\"Este bilhete reverte a 100% para N\u00facleo Regional dos A\u00e7ores da Liga Portuguesa Contra o Cancro. Em todas as edi\u00e7\u00f5es temos tido a sorte de esgotar o audit\u00f3rio. Adoravamos que a edi\u00e7\u00e3o de 2025 mantivesse este h\u00e1bito. Se pretendes vir ao evento, adquire o teu bilhete t\u00e3o r\u00e1pido quando poss\u00edvel para teres a certeza de [&hellip;]\" \/>\n<meta property=\"og:url\" content=\"https:\/\/backup.andreleonardo.com\/en\/product\/bilhete-normal-faz-acontecer-talks-2025\/\" \/>\n<meta property=\"og:site_name\" content=\"Andr\u00e9 Leonardo\" \/>\n<meta property=\"article:modified_time\" content=\"2025-10-13T19:54:04+00:00\" \/>\n<meta property=\"og:image\" content=\"https:\/\/backup.andreleonardo.com\/wp-content\/uploads\/2023\/10\/Bilhetes-Site-02.jpg\" \/>\n\t<meta property=\"og:image:width\" content=\"2251\" \/>\n\t<meta property=\"og:image:height\" content=\"2250\" \/>\n\t<meta property=\"og:image:type\" content=\"image\/jpeg\" \/>\n<meta name=\"twitter:card\" content=\"summary_large_image\" \/>\n<meta name=\"twitter:label1\" content=\"Estimated reading time\" \/>\n\t<meta name=\"twitter:data1\" content=\"2 minutes\" \/>\n<script type=\"application\/ld+json\" class=\"yoast-schema-graph\">{\"@context\":\"https:\\\/\\\/schema.org\",\"@graph\":[{\"@type\":\"WebPage\",\"@id\":\"https:\\\/\\\/backup.andreleonardo.com\\\/produto\\\/bilhete-normal-faz-acontecer-talks-2025\\\/\",\"url\":\"https:\\\/\\\/backup.andreleonardo.com\\\/produto\\\/bilhete-normal-faz-acontecer-talks-2025\\\/\",\"name\":\"Bilhete Normal - Faz Acontecer Talks 2025\",\"isPartOf\":{\"@id\":\"https:\\\/\\\/backup.andreleonardo.com\\\/#website\"},\"primaryImageOfPage\":{\"@id\":\"https:\\\/\\\/backup.andreleonardo.com\\\/produto\\\/bilhete-normal-faz-acontecer-talks-2025\\\/#primaryimage\"},\"image\":{\"@id\":\"https:\\\/\\\/backup.andreleonardo.com\\\/produto\\\/bilhete-normal-faz-acontecer-talks-2025\\\/#primaryimage\"},\"thumbnailUrl\":\"https:\\\/\\\/backup.andreleonardo.com\\\/wp-content\\\/uploads\\\/2023\\\/10\\\/Bilhetes-Site-02.jpg\",\"datePublished\":\"2023-10-18T06:48:07+00:00\",\"dateModified\":\"2025-10-13T19:54:04+00:00\",\"breadcrumb\":{\"@id\":\"https:\\\/\\\/backup.andreleonardo.com\\\/produto\\\/bilhete-normal-faz-acontecer-talks-2025\\\/#breadcrumb\"},\"inLanguage\":\"en-GB\",\"potentialAction\":[{\"@type\":\"ReadAction\",\"target\":[\"https:\\\/\\\/backup.andreleonardo.com\\\/produto\\\/bilhete-normal-faz-acontecer-talks-2025\\\/\"]}]},{\"@type\":\"ImageObject\",\"inLanguage\":\"en-GB\",\"@id\":\"https:\\\/\\\/backup.andreleonardo.com\\\/produto\\\/bilhete-normal-faz-acontecer-talks-2025\\\/#primaryimage\",\"url\":\"https:\\\/\\\/backup.andreleonardo.com\\\/wp-content\\\/uploads\\\/2023\\\/10\\\/Bilhetes-Site-02.jpg\",\"contentUrl\":\"https:\\\/\\\/backup.andreleonardo.com\\\/wp-content\\\/uploads\\\/2023\\\/10\\\/Bilhetes-Site-02.jpg\",\"width\":2251,\"height\":2250},{\"@type\":\"BreadcrumbList\",\"@id\":\"https:\\\/\\\/backup.andreleonardo.com\\\/produto\\\/bilhete-normal-faz-acontecer-talks-2025\\\/#breadcrumb\",\"itemListElement\":[{\"@type\":\"ListItem\",\"position\":1,\"name\":\"In\u00edcio\",\"item\":\"https:\\\/\\\/backup.andreleonardo.com\\\/\"},{\"@type\":\"ListItem\",\"position\":2,\"name\":\"Loja\",\"item\":\"https:\\\/\\\/backup.andreleonardo.com\\\/loja\\\/\"},{\"@type\":\"ListItem\",\"position\":3,\"name\":\"Bilhete Normal &#8211; Faz Acontecer Talks 2025\"}]},{\"@type\":\"WebSite\",\"@id\":\"https:\\\/\\\/backup.andreleonardo.com\\\/#website\",\"url\":\"https:\\\/\\\/backup.andreleonardo.com\\\/\",\"name\":\"Andr\u00e9 Leonardo\",\"description\":\"Empreendedor | Viajante | Autor &amp; Orador\",\"publisher\":{\"@id\":\"https:\\\/\\\/backup.andreleonardo.com\\\/#\\\/schema\\\/person\\\/1ab1704152fce946375d4c415284f0f3\"},\"potentialAction\":[{\"@type\":\"SearchAction\",\"target\":{\"@type\":\"EntryPoint\",\"urlTemplate\":\"https:\\\/\\\/backup.andreleonardo.com\\\/?s={search_term_string}\"},\"query-input\":{\"@type\":\"PropertyValueSpecification\",\"valueRequired\":true,\"valueName\":\"search_term_string\"}}],\"inLanguage\":\"en-GB\"},{\"@type\":[\"Person\",\"Organization\"],\"@id\":\"https:\\\/\\\/backup.andreleonardo.com\\\/#\\\/schema\\\/person\\\/1ab1704152fce946375d4c415284f0f3\",\"name\":\"Andr\u00e9 Leonardo\",\"image\":{\"@type\":\"ImageObject\",\"inLanguage\":\"en-GB\",\"@id\":\"https:\\\/\\\/backup.andreleonardo.com\\\/wp-content\\\/uploads\\\/2019\\\/09\\\/Andr\u00e9-Leonardo.jpg\",\"url\":\"https:\\\/\\\/backup.andreleonardo.com\\\/wp-content\\\/uploads\\\/2019\\\/09\\\/Andr\u00e9-Leonardo.jpg\",\"contentUrl\":\"https:\\\/\\\/backup.andreleonardo.com\\\/wp-content\\\/uploads\\\/2019\\\/09\\\/Andr\u00e9-Leonardo.jpg\",\"width\":1600,\"height\":500,\"caption\":\"Andr\u00e9 Leonardo\"},\"logo\":{\"@id\":\"https:\\\/\\\/backup.andreleonardo.com\\\/wp-content\\\/uploads\\\/2019\\\/09\\\/Andr\u00e9-Leonardo.jpg\"},\"description\":\"Empreendedor | Viajante | Autor &amp; Orador\",\"sameAs\":[\"https:\\\/\\\/backup.andreleonardo.com\"]}]}<\/script>\n<!-- \/ Yoast SEO plugin. -->","yoast_head_json":{"title":"Bilhete Normal - Faz Acontecer Talks 2025","robots":{"index":"index","follow":"follow","max-snippet":"max-snippet:-1","max-image-preview":"max-image-preview:large","max-video-preview":"max-video-preview:-1"},"canonical":"https:\/\/backup.andreleonardo.com\/en\/product\/bilhete-normal-faz-acontecer-talks-2025\/","og_locale":"en_GB","og_type":"article","og_title":"Bilhete Normal - Faz Acontecer Talks 2025","og_description":"Este bilhete reverte a 100% para N\u00facleo Regional dos A\u00e7ores da Liga Portuguesa Contra o Cancro. Em todas as edi\u00e7\u00f5es temos tido a sorte de esgotar o audit\u00f3rio. Adoravamos que a edi\u00e7\u00e3o de 2025 mantivesse este h\u00e1bito. Se pretendes vir ao evento, adquire o teu bilhete t\u00e3o r\u00e1pido quando poss\u00edvel para teres a certeza de [&hellip;]","og_url":"https:\/\/backup.andreleonardo.com\/en\/product\/bilhete-normal-faz-acontecer-talks-2025\/","og_site_name":"Andr\u00e9 Leonardo","article_modified_time":"2025-10-13T19:54:04+00:00","og_image":[{"width":2251,"height":2250,"url":"https:\/\/backup.andreleonardo.com\/wp-content\/uploads\/2023\/10\/Bilhetes-Site-02.jpg","type":"image\/jpeg"}],"twitter_card":"summary_large_image","twitter_misc":{"Estimated reading time":"2 minutes"},"schema":{"@context":"https:\/\/schema.org","@graph":[{"@type":"WebPage","@id":"https:\/\/backup.andreleonardo.com\/produto\/bilhete-normal-faz-acontecer-talks-2025\/","url":"https:\/\/backup.andreleonardo.com\/produto\/bilhete-normal-faz-acontecer-talks-2025\/","name":"Bilhete Normal - Faz Acontecer Talks 2025","isPartOf":{"@id":"https:\/\/backup.andreleonardo.com\/#website"},"primaryImageOfPage":{"@id":"https:\/\/backup.andreleonardo.com\/produto\/bilhete-normal-faz-acontecer-talks-2025\/#primaryimage"},"image":{"@id":"https:\/\/backup.andreleonardo.com\/produto\/bilhete-normal-faz-acontecer-talks-2025\/#primaryimage"},"thumbnailUrl":"https:\/\/backup.andreleonardo.com\/wp-content\/uploads\/2023\/10\/Bilhetes-Site-02.jpg","datePublished":"2023-10-18T06:48:07+00:00","dateModified":"2025-10-13T19:54:04+00:00","breadcrumb":{"@id":"https:\/\/backup.andreleonardo.com\/produto\/bilhete-normal-faz-acontecer-talks-2025\/#breadcrumb"},"inLanguage":"en-GB","potentialAction":[{"@type":"ReadAction","target":["https:\/\/backup.andreleonardo.com\/produto\/bilhete-normal-faz-acontecer-talks-2025\/"]}]},{"@type":"ImageObject","inLanguage":"en-GB","@id":"https:\/\/backup.andreleonardo.com\/produto\/bilhete-normal-faz-acontecer-talks-2025\/#primaryimage","url":"https:\/\/backup.andreleonardo.com\/wp-content\/uploads\/2023\/10\/Bilhetes-Site-02.jpg","contentUrl":"https:\/\/backup.andreleonardo.com\/wp-content\/uploads\/2023\/10\/Bilhetes-Site-02.jpg","width":2251,"height":2250},{"@type":"BreadcrumbList","@id":"https:\/\/backup.andreleonardo.com\/produto\/bilhete-normal-faz-acontecer-talks-2025\/#breadcrumb","itemListElement":[{"@type":"ListItem","position":1,"name":"In\u00edcio","item":"https:\/\/backup.andreleonardo.com\/"},{"@type":"ListItem","position":2,"name":"Loja","item":"https:\/\/backup.andreleonardo.com\/loja\/"},{"@type":"ListItem","position":3,"name":"Bilhete Normal &#8211; Faz Acontecer Talks 2025"}]},{"@type":"WebSite","@id":"https:\/\/backup.andreleonardo.com\/#website","url":"https:\/\/backup.andreleonardo.com\/","name":"Andr\u00e9 Leonardo","description":"Empreendedor | Viajante | Autor &amp; Orador","publisher":{"@id":"https:\/\/backup.andreleonardo.com\/#\/schema\/person\/1ab1704152fce946375d4c415284f0f3"},"potentialAction":[{"@type":"SearchAction","target":{"@type":"EntryPoint","urlTemplate":"https:\/\/backup.andreleonardo.com\/?s={search_term_string}"},"query-input":{"@type":"PropertyValueSpecification","valueRequired":true,"valueName":"search_term_string"}}],"inLanguage":"en-GB"},{"@type":["Person","Organization"],"@id":"https:\/\/backup.andreleonardo.com\/#\/schema\/person\/1ab1704152fce946375d4c415284f0f3","name":"Andr\u00e9 Leonardo","image":{"@type":"ImageObject","inLanguage":"en-GB","@id":"https:\/\/backup.andreleonardo.com\/wp-content\/uploads\/2019\/09\/Andr\u00e9-Leonardo.jpg","url":"https:\/\/backup.andreleonardo.com\/wp-content\/uploads\/2019\/09\/Andr\u00e9-Leonardo.jpg","contentUrl":"https:\/\/backup.andreleonardo.com\/wp-content\/uploads\/2019\/09\/Andr\u00e9-Leonardo.jpg","width":1600,"height":500,"caption":"Andr\u00e9 Leonardo"},"logo":{"@id":"https:\/\/backup.andreleonardo.com\/wp-content\/uploads\/2019\/09\/Andr\u00e9-Leonardo.jpg"},"description":"Empreendedor | Viajante | Autor &amp; Orador","sameAs":["https:\/\/backup.andreleonardo.com"]}]}},"_links":{"self":[{"href":"https:\/\/backup.andreleonardo.com\/en\/wp-json\/wp\/v2\/product\/5311","targetHints":{"allow":["GET"]}}],"collection":[{"href":"https:\/\/backup.andreleonardo.com\/en\/wp-json\/wp\/v2\/product"}],"about":[{"href":"https:\/\/backup.andreleonardo.com\/en\/wp-json\/wp\/v2\/types\/product"}],"replies":[{"embeddable":true,"href":"https:\/\/backup.andreleonardo.com\/en\/wp-json\/wp\/v2\/comments?post=5311"}],"wp:featuredmedia":[{"embeddable":true,"href":"https:\/\/backup.andreleonardo.com\/en\/wp-json\/wp\/v2\/media\/7806"}],"wp:attachment":[{"href":"https:\/\/backup.andreleonardo.com\/en\/wp-json\/wp\/v2\/media?parent=5311"}],"wp:term":[{"taxonomy":"product_brand","embeddable":true,"href":"https:\/\/backup.andreleonardo.com\/en\/wp-json\/wp\/v2\/product_brand?post=5311"},{"taxonomy":"product_cat","embeddable":true,"href":"https:\/\/backup.andreleonardo.com\/en\/wp-json\/wp\/v2\/product_cat?post=5311"},{"taxonomy":"product_tag","embeddable":true,"href":"https:\/\/backup.andreleonardo.com\/en\/wp-json\/wp\/v2\/product_tag?post=5311"}],"curies":[{"name":"wp","href":"https:\/\/api.w.org\/{rel}","templated":true}]}}