{"id":5066,"date":"2023-01-03T17:04:12","date_gmt":"2023-01-03T17:04:12","guid":{"rendered":"https:\/\/andreleonardo.com\/?post_type=product&#038;p=5066"},"modified":"2024-08-26T16:28:55","modified_gmt":"2024-08-26T16:28:55","slug":"livro-faz-acontecer-portugal","status":"publish","type":"product","link":"https:\/\/backup.andreleonardo.com\/en\/product\/livro-faz-acontecer-portugal\/","title":{"rendered":"Livro Faz Acontecer, Portugal"},"content":{"rendered":"<div id=\"productPageSectionAboutBook-collapseArea\" class=\"col-xs-12 collapse-area filter collapsed icon\" role=\"menu\" data-toggle=\"collapse\" data-target=\"#productPageSectionAboutBook-collapseSobreLivro\" aria-expanded=\"false\" aria-controls=\"productPageSectionAboutBook-collapseSobreLivro\">\n<div id=\"productPageSectionAboutBook-collapseArea-content\" class=\"col-xs-12 content\">\n<div class=\"text\">\n<div id=\"productPageSectionAboutBook-collapseArea-content-title\" class=\"col-xs-10 col-lg-12 left-title\">\n<h4 class=\"description\">Alguns trechos do livro<\/h4>\n<\/div>\n<\/div>\n<\/div>\n<\/div>\n<div id=\"productPageSectionAboutBook-collapseSobreLivro\" class=\"col-xs-12 right-side collapse\">\n<ul>\n<li>&#8220;O meu objetivo era que todos conhecessem este Pa\u00eds com fibra, estes portugueses com energia que, nas suas aldeias e cidades, s\u00e3o uma refer\u00eancia (&#8230;)&#8221;;<\/li>\n<li>&#8220;(&#8230;) a minha paix\u00e3o \u00e9\u00a0inspirar gente a viver, a agir. Sou tamb\u00e9m fascinado por empreendedorismo e sobretudo por gente que n\u00e3o se resigna com o que lhes \u00e9 dado, que com \u2018alma\u2019 e consist\u00eancia faz acontecer. Sempre estive do lado dos que agem com cora\u00e7\u00e3o. E quero acreditar que estou no lado dos bons. Se te sentires inspirado por este livro, \u00e9 muito provavelmente gra\u00e7as \u00e0s fant\u00e1sticas pessoas que aqui te apresento&#8221;.<\/li>\n<li>&#8220;(&#8230;)\u00a0este livro n\u00e3o \u00e9 apenas uma compila\u00e7\u00e3o de hist\u00f3rias, antes um kit de ferramentas para que possas, tamb\u00e9m tu que est\u00e1s a ler, fazer acontecer. Assim, se alguma das hist\u00f3rias que partilho de seguida despertar algo em ti, aproveita isso. Inspira-te e ouve aquela emo\u00e7\u00e3o silenciosa que a tua cabe\u00e7a talvez te diga para ignorar, mas o teu cora\u00e7\u00e3o te diz para ires atr\u00e1s. A grande diferen\u00e7a entre a pessoa que vive o seu sonho e a pessoa que ambiciona \u2013 secreta ou publicamente \u2013 \u00e9 a decis\u00e3o de converter a primeira emo\u00e7\u00e3o em a\u00e7\u00e3o imediata. D\u00e1 o primeiro passo, mesmo que pequeno, e depois d\u00e1 mais um e outro (&#8230;). Ningu\u00e9m tem a obriga\u00e7\u00e3o de te dar ou fazer por ti. Queres, vais l\u00e1 com o que tens e agarras com a for\u00e7a que julgas n\u00e3o ter. Depende s\u00f3, \u00fanica e exclusivamente de ti, adaptando sempre que for preciso \u00e0 realidade que te aparece e outras vezes cerrando os dentes&#8221;.<\/li>\n<\/ul>\n<p>&nbsp;<\/p>\n<\/div>","protected":false},"excerpt":{"rendered":"<div id=\"productPageSectionAboutBook-collapseArea\" class=\"col-xs-12 collapse-area filter collapsed icon\" role=\"menu\" data-toggle=\"collapse\" data-target=\"#productPageSectionAboutBook-collapseSobreLivro\" aria-expanded=\"false\" aria-controls=\"productPageSectionAboutBook-collapseSobreLivro\">\n<div id=\"productPageSectionAboutBook-collapseArea-content\" class=\"col-xs-12 content\">\n<div class=\"text\">\n<div id=\"productPageSectionAboutBook-collapseArea-content-title\" class=\"col-xs-10 col-lg-12 left-title\">\n<div class=\"description\">\n<h4 id=\"productPageSectionAboutBook-sinopseTitle\" class=\"right-title\">Sinopse<\/h4>\n<\/div>\n<\/div>\n<\/div>\n<\/div>\n<\/div>\n<div id=\"productPageSectionAboutBook-collapseSobreLivro\" class=\"col-xs-12 right-side collapse\">\n<div class=\"wells\">\n<div id=\"productPageSectionAboutBook-sinopse\" class=\"right-text\">\n<p>Depois de uma longa volta ao mundo \u00e0 procura de boas ideias de neg\u00f3cios nas mais diversas \u00e1reas, o que resultou em numerosas palestras e num primeiro livro, o jovem empreendedor Andr\u00e9 Leonardo, focou-se em Portugal. Percorreu o Continente e as Ilhas em busca desse mesmo tesouro, mas em vers\u00e3o nacional: hist\u00f3rias inspiradoras de criatividade, sucesso e supera\u00e7\u00e3o das dificuldades no mundo das empresas.<br \/>\nAndr\u00e9 viajou por um pa\u00eds que n\u00e3o se resume a startups tecnol\u00f3gicas nem aparece na Websummit; um pa\u00eds que, embora seja uma pe\u00e7a fundamental no nosso tecido social e econ\u00f3mico, \u00e9 muitas vezes esquecido e desprezado.<br \/>\nDesta odisseia, que o levou ao Norte e ao Sul, ao litoral e ao interior profundo, \u00e0 Madeira e aos A\u00e7ores, Andr\u00e9 trouxe hist\u00f3rias de vidas e de universo do turismo e da agricultura, mas tamb\u00e9m das tatuagens e das barbearias, que ir\u00e3o servir de inspira\u00e7\u00e3o a todos os portugueses que queiram iniciar o seu neg\u00f3cio. E isto seja qual for o setor ou a escala, pois o importante \u00e9 mesmo fazer acontecer &#8211; ainda para mais no momento delicado que Portugal e o mundo atravessam.<\/p>\n<h4 id=\"productPageSectionPressCriticism-criticismTitle\" class=\"right-title\">Cr\u00edticas<\/h4>\n<p>\u00abO Andr\u00e9 \u00e9 um <em>acontecedor<\/em>, as suas hist\u00f3rias s\u00e3o aulas de mundo; s\u00e3o Portugal a n\u00e3o ter medo de ler nas estrelinhas do futuro.\u00bb<\/p>\n<p><strong>Carlos Coelho,\u00a0Presidente Ivity Brand Corp e Associa\u00e7\u00e3o Portugal Genial<\/strong><\/p>\n<p>\u00abAlgumas pessoas dizem que v\u00e3o fazer, mas apenas algumas realmente fazem. O Andr\u00e9 Leonardo \u00e9 algu\u00e9m que faz acontecer.\u00bb<\/p>\n<p><strong>Tim Vieira,\u00a0Empreendedor e CEO Bravegeneration<\/strong><\/p>\n<p>\u00abDe uma conversa com o Andr\u00e9 Leonardo emergem sempre solu\u00e7\u00f5es, nascem ideias, forma-se a certeza de que o tal \u00b4n\u00e3o` \u00e9 transform\u00e1vel, de que os resultados dependem de n\u00f3s.\u00bb<\/p>\n<p><strong>Jos\u00e9 Crespo de Carvalho,\u00a0Prof. Catedr\u00e1tico ISCTE-IUL e Pres. ISCTE Executive Education<\/strong><\/p>\n<h4>Detalhes<\/h4>\n<p><span id=\"productPageSectionDetails-collapseDetalhes-content-isbn\" class=\"col-xs-12\">ISBN: <span class=\"info\">9789896608910<br \/>\n<\/span><\/span><span id=\"productPageSectionDetails-collapseDetalhes-content-year\" class=\"col-xs-12\">Ano de edi\u00e7\u00e3o ou reimpress\u00e3o: <span class=\"info\">09-2020<br \/>\n<\/span><\/span><span class=\"col-xs-12\">Editor: <span class=\"info\">Oficina do Livro<br \/>\n<\/span><\/span><span id=\"productPageSectionDetails-collapseDetalhes-content-language\" class=\"col-xs-12\">Idioma: <span class=\"info\">Portugu\u00eas<\/span><\/span><span id=\"productPageSectionDetails-collapseDetalhes-content-dimensions\" class=\"col-xs-12\"><span class=\"info\"><br \/>\n<\/span><\/span><span id=\"productPageSectionDetails-collapseDetalhes-content-bookbinding\" class=\"col-xs-12\">Encaderna\u00e7\u00e3o: <span class=\"info\">Capa mole<br \/>\n<\/span><\/span><span id=\"productPageSectionDetails-collapseDetalhes-content-nrPages\" class=\"col-xs-12\">P\u00e1ginas: <span class=\"info\">320<\/span><\/span><\/p>\n<\/div>\n<\/div>\n<\/div>","protected":false},"featured_media":5050,"comment_status":"open","ping_status":"closed","template":"","meta":[],"product_brand":[],"product_cat":[137],"product_tag":[],"class_list":{"0":"post-5066","1":"product","2":"type-product","3":"status-publish","4":"has-post-thumbnail","6":"product_cat-livro","7":"product_shipping_class-livro","9":"first","10":"instock","11":"purchasable","12":"product-type-simple"},"yoast_head":"<!-- This site is optimized with the Yoast SEO plugin v27.4 - https:\/\/yoast.com\/product\/yoast-seo-wordpress\/ -->\n<title>Livro Faz Acontecer, Portugal - Andr\u00e9 Leonardo<\/title>\n<meta name=\"description\" content=\"&#039;Faz Acontecer Portugal&#039; \u00e9 um livro que nasce da vontade de dar a conhecer portugueses empreendedores com fibra e que fazem acontecer.\" \/>\n<meta name=\"robots\" content=\"index, follow, max-snippet:-1, max-image-preview:large, max-video-preview:-1\" \/>\n<link rel=\"canonical\" href=\"https:\/\/backup.andreleonardo.com\/en\/product\/livro-faz-acontecer-portugal\/\" \/>\n<meta property=\"og:locale\" content=\"en_GB\" \/>\n<meta property=\"og:type\" content=\"article\" \/>\n<meta property=\"og:title\" content=\"Livro Faz Acontecer, Portugal - Andr\u00e9 Leonardo\" \/>\n<meta property=\"og:description\" content=\"&#039;Faz Acontecer Portugal&#039; \u00e9 um livro que nasce da vontade de dar a conhecer portugueses empreendedores com fibra e que fazem acontecer.\" \/>\n<meta property=\"og:url\" content=\"https:\/\/backup.andreleonardo.com\/en\/product\/livro-faz-acontecer-portugal\/\" \/>\n<meta property=\"og:site_name\" content=\"Andr\u00e9 Leonardo\" \/>\n<meta property=\"article:modified_time\" content=\"2024-08-26T16:28:55+00:00\" \/>\n<meta property=\"og:image\" content=\"https:\/\/backup.andreleonardo.com\/wp-content\/uploads\/2022\/12\/Faz-Acontecer-portugal.jpg\" \/>\n\t<meta property=\"og:image:width\" content=\"540\" \/>\n\t<meta property=\"og:image:height\" content=\"540\" \/>\n\t<meta property=\"og:image:type\" content=\"image\/jpeg\" \/>\n<meta name=\"twitter:card\" content=\"summary_large_image\" \/>\n<meta name=\"twitter:label1\" content=\"Estimated reading time\" \/>\n\t<meta name=\"twitter:data1\" content=\"2 minutes\" \/>\n<script type=\"application\/ld+json\" class=\"yoast-schema-graph\">{\"@context\":\"https:\\\/\\\/schema.org\",\"@graph\":[{\"@type\":\"WebPage\",\"@id\":\"https:\\\/\\\/backup.andreleonardo.com\\\/produto\\\/livro-faz-acontecer-portugal\\\/\",\"url\":\"https:\\\/\\\/backup.andreleonardo.com\\\/produto\\\/livro-faz-acontecer-portugal\\\/\",\"name\":\"Livro Faz Acontecer, Portugal - Andr\u00e9 Leonardo\",\"isPartOf\":{\"@id\":\"https:\\\/\\\/backup.andreleonardo.com\\\/#website\"},\"primaryImageOfPage\":{\"@id\":\"https:\\\/\\\/backup.andreleonardo.com\\\/produto\\\/livro-faz-acontecer-portugal\\\/#primaryimage\"},\"image\":{\"@id\":\"https:\\\/\\\/backup.andreleonardo.com\\\/produto\\\/livro-faz-acontecer-portugal\\\/#primaryimage\"},\"thumbnailUrl\":\"https:\\\/\\\/backup.andreleonardo.com\\\/wp-content\\\/uploads\\\/2022\\\/12\\\/Faz-Acontecer-portugal.jpg\",\"datePublished\":\"2023-01-03T17:04:12+00:00\",\"dateModified\":\"2024-08-26T16:28:55+00:00\",\"description\":\"'Faz Acontecer Portugal' \u00e9 um livro que nasce da vontade de dar a conhecer portugueses empreendedores com fibra e que fazem acontecer.\",\"breadcrumb\":{\"@id\":\"https:\\\/\\\/backup.andreleonardo.com\\\/produto\\\/livro-faz-acontecer-portugal\\\/#breadcrumb\"},\"inLanguage\":\"en-GB\",\"potentialAction\":[{\"@type\":\"ReadAction\",\"target\":[\"https:\\\/\\\/backup.andreleonardo.com\\\/produto\\\/livro-faz-acontecer-portugal\\\/\"]}]},{\"@type\":\"ImageObject\",\"inLanguage\":\"en-GB\",\"@id\":\"https:\\\/\\\/backup.andreleonardo.com\\\/produto\\\/livro-faz-acontecer-portugal\\\/#primaryimage\",\"url\":\"https:\\\/\\\/backup.andreleonardo.com\\\/wp-content\\\/uploads\\\/2022\\\/12\\\/Faz-Acontecer-portugal.jpg\",\"contentUrl\":\"https:\\\/\\\/backup.andreleonardo.com\\\/wp-content\\\/uploads\\\/2022\\\/12\\\/Faz-Acontecer-portugal.jpg\",\"width\":540,\"height\":540},{\"@type\":\"BreadcrumbList\",\"@id\":\"https:\\\/\\\/backup.andreleonardo.com\\\/produto\\\/livro-faz-acontecer-portugal\\\/#breadcrumb\",\"itemListElement\":[{\"@type\":\"ListItem\",\"position\":1,\"name\":\"In\u00edcio\",\"item\":\"https:\\\/\\\/backup.andreleonardo.com\\\/\"},{\"@type\":\"ListItem\",\"position\":2,\"name\":\"Loja\",\"item\":\"https:\\\/\\\/backup.andreleonardo.com\\\/loja\\\/\"},{\"@type\":\"ListItem\",\"position\":3,\"name\":\"Livro Faz Acontecer, Portugal\"}]},{\"@type\":\"WebSite\",\"@id\":\"https:\\\/\\\/backup.andreleonardo.com\\\/#website\",\"url\":\"https:\\\/\\\/backup.andreleonardo.com\\\/\",\"name\":\"Andr\u00e9 Leonardo\",\"description\":\"Empreendedor | Viajante | Autor &amp; Orador\",\"publisher\":{\"@id\":\"https:\\\/\\\/backup.andreleonardo.com\\\/#\\\/schema\\\/person\\\/1ab1704152fce946375d4c415284f0f3\"},\"potentialAction\":[{\"@type\":\"SearchAction\",\"target\":{\"@type\":\"EntryPoint\",\"urlTemplate\":\"https:\\\/\\\/backup.andreleonardo.com\\\/?s={search_term_string}\"},\"query-input\":{\"@type\":\"PropertyValueSpecification\",\"valueRequired\":true,\"valueName\":\"search_term_string\"}}],\"inLanguage\":\"en-GB\"},{\"@type\":[\"Person\",\"Organization\"],\"@id\":\"https:\\\/\\\/backup.andreleonardo.com\\\/#\\\/schema\\\/person\\\/1ab1704152fce946375d4c415284f0f3\",\"name\":\"Andr\u00e9 Leonardo\",\"image\":{\"@type\":\"ImageObject\",\"inLanguage\":\"en-GB\",\"@id\":\"https:\\\/\\\/backup.andreleonardo.com\\\/wp-content\\\/uploads\\\/2019\\\/09\\\/Andr\u00e9-Leonardo.jpg\",\"url\":\"https:\\\/\\\/backup.andreleonardo.com\\\/wp-content\\\/uploads\\\/2019\\\/09\\\/Andr\u00e9-Leonardo.jpg\",\"contentUrl\":\"https:\\\/\\\/backup.andreleonardo.com\\\/wp-content\\\/uploads\\\/2019\\\/09\\\/Andr\u00e9-Leonardo.jpg\",\"width\":1600,\"height\":500,\"caption\":\"Andr\u00e9 Leonardo\"},\"logo\":{\"@id\":\"https:\\\/\\\/backup.andreleonardo.com\\\/wp-content\\\/uploads\\\/2019\\\/09\\\/Andr\u00e9-Leonardo.jpg\"},\"description\":\"Empreendedor | Viajante | Autor &amp; Orador\",\"sameAs\":[\"https:\\\/\\\/backup.andreleonardo.com\"]}]}<\/script>\n<!-- \/ Yoast SEO plugin. -->","yoast_head_json":{"title":"Livro Faz Acontecer, Portugal - Andr\u00e9 Leonardo","description":"'Faz Acontecer Portugal' \u00e9 um livro que nasce da vontade de dar a conhecer portugueses empreendedores com fibra e que fazem acontecer.","robots":{"index":"index","follow":"follow","max-snippet":"max-snippet:-1","max-image-preview":"max-image-preview:large","max-video-preview":"max-video-preview:-1"},"canonical":"https:\/\/backup.andreleonardo.com\/en\/product\/livro-faz-acontecer-portugal\/","og_locale":"en_GB","og_type":"article","og_title":"Livro Faz Acontecer, Portugal - Andr\u00e9 Leonardo","og_description":"'Faz Acontecer Portugal' \u00e9 um livro que nasce da vontade de dar a conhecer portugueses empreendedores com fibra e que fazem acontecer.","og_url":"https:\/\/backup.andreleonardo.com\/en\/product\/livro-faz-acontecer-portugal\/","og_site_name":"Andr\u00e9 Leonardo","article_modified_time":"2024-08-26T16:28:55+00:00","og_image":[{"width":540,"height":540,"url":"https:\/\/backup.andreleonardo.com\/wp-content\/uploads\/2022\/12\/Faz-Acontecer-portugal.jpg","type":"image\/jpeg"}],"twitter_card":"summary_large_image","twitter_misc":{"Estimated reading time":"2 minutes"},"schema":{"@context":"https:\/\/schema.org","@graph":[{"@type":"WebPage","@id":"https:\/\/backup.andreleonardo.com\/produto\/livro-faz-acontecer-portugal\/","url":"https:\/\/backup.andreleonardo.com\/produto\/livro-faz-acontecer-portugal\/","name":"Livro Faz Acontecer, Portugal - Andr\u00e9 Leonardo","isPartOf":{"@id":"https:\/\/backup.andreleonardo.com\/#website"},"primaryImageOfPage":{"@id":"https:\/\/backup.andreleonardo.com\/produto\/livro-faz-acontecer-portugal\/#primaryimage"},"image":{"@id":"https:\/\/backup.andreleonardo.com\/produto\/livro-faz-acontecer-portugal\/#primaryimage"},"thumbnailUrl":"https:\/\/backup.andreleonardo.com\/wp-content\/uploads\/2022\/12\/Faz-Acontecer-portugal.jpg","datePublished":"2023-01-03T17:04:12+00:00","dateModified":"2024-08-26T16:28:55+00:00","description":"'Faz Acontecer Portugal' \u00e9 um livro que nasce da vontade de dar a conhecer portugueses empreendedores com fibra e que fazem acontecer.","breadcrumb":{"@id":"https:\/\/backup.andreleonardo.com\/produto\/livro-faz-acontecer-portugal\/#breadcrumb"},"inLanguage":"en-GB","potentialAction":[{"@type":"ReadAction","target":["https:\/\/backup.andreleonardo.com\/produto\/livro-faz-acontecer-portugal\/"]}]},{"@type":"ImageObject","inLanguage":"en-GB","@id":"https:\/\/backup.andreleonardo.com\/produto\/livro-faz-acontecer-portugal\/#primaryimage","url":"https:\/\/backup.andreleonardo.com\/wp-content\/uploads\/2022\/12\/Faz-Acontecer-portugal.jpg","contentUrl":"https:\/\/backup.andreleonardo.com\/wp-content\/uploads\/2022\/12\/Faz-Acontecer-portugal.jpg","width":540,"height":540},{"@type":"BreadcrumbList","@id":"https:\/\/backup.andreleonardo.com\/produto\/livro-faz-acontecer-portugal\/#breadcrumb","itemListElement":[{"@type":"ListItem","position":1,"name":"In\u00edcio","item":"https:\/\/backup.andreleonardo.com\/"},{"@type":"ListItem","position":2,"name":"Loja","item":"https:\/\/backup.andreleonardo.com\/loja\/"},{"@type":"ListItem","position":3,"name":"Livro Faz Acontecer, Portugal"}]},{"@type":"WebSite","@id":"https:\/\/backup.andreleonardo.com\/#website","url":"https:\/\/backup.andreleonardo.com\/","name":"Andr\u00e9 Leonardo","description":"Empreendedor | Viajante | Autor &amp; Orador","publisher":{"@id":"https:\/\/backup.andreleonardo.com\/#\/schema\/person\/1ab1704152fce946375d4c415284f0f3"},"potentialAction":[{"@type":"SearchAction","target":{"@type":"EntryPoint","urlTemplate":"https:\/\/backup.andreleonardo.com\/?s={search_term_string}"},"query-input":{"@type":"PropertyValueSpecification","valueRequired":true,"valueName":"search_term_string"}}],"inLanguage":"en-GB"},{"@type":["Person","Organization"],"@id":"https:\/\/backup.andreleonardo.com\/#\/schema\/person\/1ab1704152fce946375d4c415284f0f3","name":"Andr\u00e9 Leonardo","image":{"@type":"ImageObject","inLanguage":"en-GB","@id":"https:\/\/backup.andreleonardo.com\/wp-content\/uploads\/2019\/09\/Andr\u00e9-Leonardo.jpg","url":"https:\/\/backup.andreleonardo.com\/wp-content\/uploads\/2019\/09\/Andr\u00e9-Leonardo.jpg","contentUrl":"https:\/\/backup.andreleonardo.com\/wp-content\/uploads\/2019\/09\/Andr\u00e9-Leonardo.jpg","width":1600,"height":500,"caption":"Andr\u00e9 Leonardo"},"logo":{"@id":"https:\/\/backup.andreleonardo.com\/wp-content\/uploads\/2019\/09\/Andr\u00e9-Leonardo.jpg"},"description":"Empreendedor | Viajante | Autor &amp; Orador","sameAs":["https:\/\/backup.andreleonardo.com"]}]}},"_links":{"self":[{"href":"https:\/\/backup.andreleonardo.com\/en\/wp-json\/wp\/v2\/product\/5066","targetHints":{"allow":["GET"]}}],"collection":[{"href":"https:\/\/backup.andreleonardo.com\/en\/wp-json\/wp\/v2\/product"}],"about":[{"href":"https:\/\/backup.andreleonardo.com\/en\/wp-json\/wp\/v2\/types\/product"}],"replies":[{"embeddable":true,"href":"https:\/\/backup.andreleonardo.com\/en\/wp-json\/wp\/v2\/comments?post=5066"}],"wp:featuredmedia":[{"embeddable":true,"href":"https:\/\/backup.andreleonardo.com\/en\/wp-json\/wp\/v2\/media\/5050"}],"wp:attachment":[{"href":"https:\/\/backup.andreleonardo.com\/en\/wp-json\/wp\/v2\/media?parent=5066"}],"wp:term":[{"taxonomy":"product_brand","embeddable":true,"href":"https:\/\/backup.andreleonardo.com\/en\/wp-json\/wp\/v2\/product_brand?post=5066"},{"taxonomy":"product_cat","embeddable":true,"href":"https:\/\/backup.andreleonardo.com\/en\/wp-json\/wp\/v2\/product_cat?post=5066"},{"taxonomy":"product_tag","embeddable":true,"href":"https:\/\/backup.andreleonardo.com\/en\/wp-json\/wp\/v2\/product_tag?post=5066"}],"curies":[{"name":"wp","href":"https:\/\/api.w.org\/{rel}","templated":true}]}}