{"id":2662,"date":"2016-10-21T12:45:25","date_gmt":"2016-10-21T12:45:25","guid":{"rendered":"http:\/\/andreleonardo.com\/?post_type=product&#038;p=2662"},"modified":"2024-09-05T11:44:51","modified_gmt":"2024-09-05T11:44:51","slug":"livro-faz-acontecer","status":"publish","type":"product","link":"https:\/\/backup.andreleonardo.com\/en\/product\/livro-faz-acontecer\/","title":{"rendered":"Livro &#8216;Faz Acontecer&#8217;"},"content":{"rendered":"<p><iframe title=\"Andr\u00e9 Leonardo apresenta o novo livro &quot;Faz Acontecer&quot; - TVI\" width=\"1150\" height=\"647\" src=\"https:\/\/www.youtube.com\/embed\/mBMk5iyL1Ro?feature=oembed\" frameborder=\"0\" allow=\"accelerometer; autoplay; clipboard-write; encrypted-media; gyroscope; picture-in-picture; web-share\" referrerpolicy=\"strict-origin-when-cross-origin\" allowfullscreen><\/iframe><\/p>\n<div class=\"wells\">\n<h4 id=\"productPageSectionAboutBook-sinopseTitle\" class=\"right-title\" style=\"text-align: left;\">Sinopse<\/h4>\n<div id=\"productPageSectionAboutBook-sinopse\" class=\"right-text\" style=\"text-align: left;\">\n<p>Aos 24 anos, o a\u00e7oriano e terceirense Andr\u00e9 Leonardo partiu sozinho para uma expedi\u00e7\u00e3o \u00e0 volta do Mundo que passaria por 23 pa\u00edses. O seu objectivo era simples: procurar energia e \u00e2nimo para al\u00e9m da \u00abcrise\u00bb e da \u00abd\u00edvida\u00bb, estabelecer contacto com pessoas positivas, deixar-se contagiar por empreendedores, tanto nos neg\u00f3cios como na vida, aprender com gente que vencia todo o tipo de adversidades e que, mais do que criar empresas ou promover projectos, fazia acontecer encarando o presente e o futuro com optimismo e com capacidade de sonhar.<\/p>\n<p>Era urgente recolher esses casos espalhados pelo mundo inteiro, por sociedades, culturas e contextos pol\u00edtico-econ\u00f3micos radicalmente distintos &#8211; e, no entanto, todos ligados pela mesma vontade de fazer acontecer. &#8211; Bel Pesce, uma empreendedora brasileira que contra todas as probabilidades conseguiu ingressar no MIT, fundar a sua pr\u00f3pria empresa e tornar-se, ainda jovem, numa das pessoas mais influentes do Brasil pela forma como encara as adversidades.<\/p>\n<p>O portugu\u00eas Ricardo Teixeira, que, mesmo ficando tetrapl\u00e9gico, continuou a \u00ablutar\u00bb, trabalhou na gigante Microsoft e criou a sua pr\u00f3pria empresa de sucesso que emprega hoje 600 pessoas. &#8211; O jovem da Tanz\u00e2nia que se tornou um speaker motivacional, depois de, na sua inf\u00e2ncia, ter conseguido fazer a instala\u00e7\u00e3o el\u00e9ctrica da sua casa a partir dos livros que requisitou na biblioteca local; &#8211; A hist\u00f3ria do &#8220;Cristiano Ronaldo indiano&#8221; que, para sobreviver, se tornou limpador profissional de ouvidos, e que, num contexto particularmente duro, consegue assim sobreviver. Estas s\u00e3o algumas das hist\u00f3rias inspiradoras que Andr\u00e9 Leonardo recolheu ao longo de 126 mil quil\u00f3metros de viagem e que nos apresenta neste livro, onde o termo empreendedorismo ganha um novo sentido e se revela, definitivamente, como um estilo e uma atitude de vida e que \u00e9 independente do meio e do tempo em que vivemos.<\/p>\n<\/div>\n<\/div>\n<div class=\"wells\" style=\"text-align: left;\">\n<h4 id=\"productPageSectionPressCriticism-criticismTitle\" class=\"right-title\">Cr\u00edticas<\/h4>\n<div class=\"wells\">\n<div id=\"productPageSectionPressCriticism-comment\" class=\"right-text\">&#8220;Uma homenagem aos empreendedores de todo o mundo.&#8221;<br \/>\n<b>M\u00e1rio Ferreira, empres\u00e1rio, jurado do <i>Shark Tank<\/i><\/b><\/div>\n<div>&#8220;O livro foi uma esp\u00e9cie de empurr\u00e3o definitivo! Est\u00e1 na hora, n\u00e3o d\u00e1 para adiar mais\u2026 aprendi a ter \u2018lata\u2019 e comecei a pensar no que \u2018eu\u2019 realmente queria fazer!&#8221;<br \/>\n<strong>Lu\u00eds Filipe Borges, argumentista e comediante<\/strong><\/div>\n<\/div>\n<\/div>\n<div style=\"text-align: left;\">\u00a0&#8220;Cap\u00edtulo ap\u00f3s cap\u00edtulo \u00e9 imposs\u00edvel n\u00e3o nos sentirmos inspirados por todas as experi\u00eancias e hist\u00f3rias de vida de pessoas com quem o Andr\u00e9 se cruzou!&#8221;<br \/>\n<strong>Rita Nabeiro, CEO Adega Mayor<\/strong><\/div>\n<div style=\"text-align: left;\">&#8220;Todas as viv\u00eancias e experi\u00eancias que conseguimos extrair desta leitura fazem deste um livro inspirador!&#8221;<br \/>\n<strong>Nuno Coelho, Capit\u00e3o F.C. Arouca<\/strong><\/div>","protected":false},"excerpt":{"rendered":"<p>Livro \u201cFaz Acontecer\u201d da autoria de Andr\u00e9 Leonardo contem algumas das hist\u00f3rias inspiradoras que Andr\u00e9 recolheu ao longo de 126 mil quil\u00f3metros de viagem na sua volta ao mundo. Um livro onde o termo empreendedorismo ganha um novo sentido e se revela, definitivamente, como um estilo e uma atitude de vida e que \u00e9 independente do meio e do tempo em que vivemos.<\/p>\n<ul>\n<li><span class=\"gdlr-core-icon-list-content\">Volta ao mundo | 1 ano | 23 pa\u00edses | 126mil km;<\/span><\/li>\n<li><span class=\"gdlr-core-icon-list-content\">Hist\u00f3rias de empreendedores de todo o mundo;<\/span><\/li>\n<li><span class=\"gdlr-core-icon-list-content\">Um dos &#8220;5 livros que todos os empreendedores devem ler&#8221;, Tim Vieira;<\/span><\/li>\n<li><span class=\"gdlr-core-icon-list-content\">Aprendizagem em Kibera eleita uma das &#8220;melhores 80 hist\u00f3rias de voltas ao mundo&#8221;, The Navigator Company<\/span><\/li>\n<li><span class=\"gdlr-core-icon-list-content\">+5.000 exemplares vendidos<\/span><\/li>\n<\/ul>","protected":false},"featured_media":4349,"comment_status":"open","ping_status":"closed","template":"","meta":[],"product_brand":[],"product_cat":[137],"product_tag":[155],"class_list":{"0":"post-2662","1":"product","2":"type-product","3":"status-publish","4":"has-post-thumbnail","6":"product_cat-livro","7":"product_tag-livro","8":"product_shipping_class-livro","10":"first","11":"instock","12":"purchasable","13":"product-type-simple"},"yoast_head":"<!-- This site is optimized with the Yoast SEO plugin v27.4 - https:\/\/yoast.com\/product\/yoast-seo-wordpress\/ -->\n<title>Livro Faz Acontecer - Volta ao Mundo de mochila \u00e0s costas<\/title>\n<meta name=\"description\" content=\"Livro Faz Acontecer da autoria de Andr\u00e9 Leonardo contem algumas das hist\u00f3rias mais inspiradoras que este recolheu ao longo de uma viagem \u00e0 volta ao mundo.\" \/>\n<meta name=\"robots\" content=\"index, follow, max-snippet:-1, max-image-preview:large, max-video-preview:-1\" \/>\n<link rel=\"canonical\" href=\"https:\/\/backup.andreleonardo.com\/en\/product\/livro-faz-acontecer\/\" \/>\n<meta property=\"og:locale\" content=\"en_GB\" \/>\n<meta property=\"og:type\" content=\"article\" \/>\n<meta property=\"og:title\" content=\"Livro Faz Acontecer - Volta ao Mundo de mochila \u00e0s costas\" \/>\n<meta property=\"og:description\" content=\"Livro Faz Acontecer da autoria de Andr\u00e9 Leonardo contem algumas das hist\u00f3rias mais inspiradoras que este recolheu ao longo de uma viagem \u00e0 volta ao mundo.\" \/>\n<meta property=\"og:url\" content=\"https:\/\/backup.andreleonardo.com\/en\/product\/livro-faz-acontecer\/\" \/>\n<meta property=\"og:site_name\" content=\"Andr\u00e9 Leonardo\" \/>\n<meta property=\"article:modified_time\" content=\"2024-09-05T11:44:51+00:00\" \/>\n<meta property=\"og:image\" content=\"https:\/\/backup.andreleonardo.com\/wp-content\/uploads\/2016\/10\/Livro-Faz-Acontecer.png\" \/>\n\t<meta property=\"og:image:width\" content=\"540\" \/>\n\t<meta property=\"og:image:height\" content=\"540\" \/>\n\t<meta property=\"og:image:type\" content=\"image\/png\" \/>\n<meta name=\"twitter:card\" content=\"summary_large_image\" \/>\n<meta name=\"twitter:label1\" content=\"Estimated reading time\" \/>\n\t<meta name=\"twitter:data1\" content=\"3 minutes\" \/>\n<script type=\"application\/ld+json\" class=\"yoast-schema-graph\">{\"@context\":\"https:\\\/\\\/schema.org\",\"@graph\":[{\"@type\":\"WebPage\",\"@id\":\"https:\\\/\\\/backup.andreleonardo.com\\\/produto\\\/livro-faz-acontecer\\\/\",\"url\":\"https:\\\/\\\/backup.andreleonardo.com\\\/produto\\\/livro-faz-acontecer\\\/\",\"name\":\"Livro Faz Acontecer - Volta ao Mundo de mochila \u00e0s costas\",\"isPartOf\":{\"@id\":\"https:\\\/\\\/backup.andreleonardo.com\\\/#website\"},\"primaryImageOfPage\":{\"@id\":\"https:\\\/\\\/backup.andreleonardo.com\\\/produto\\\/livro-faz-acontecer\\\/#primaryimage\"},\"image\":{\"@id\":\"https:\\\/\\\/backup.andreleonardo.com\\\/produto\\\/livro-faz-acontecer\\\/#primaryimage\"},\"thumbnailUrl\":\"https:\\\/\\\/backup.andreleonardo.com\\\/wp-content\\\/uploads\\\/2016\\\/10\\\/Livro-Faz-Acontecer.png\",\"datePublished\":\"2016-10-21T12:45:25+00:00\",\"dateModified\":\"2024-09-05T11:44:51+00:00\",\"description\":\"Livro Faz Acontecer da autoria de Andr\u00e9 Leonardo contem algumas das hist\u00f3rias mais inspiradoras que este recolheu ao longo de uma viagem \u00e0 volta ao mundo.\",\"breadcrumb\":{\"@id\":\"https:\\\/\\\/backup.andreleonardo.com\\\/produto\\\/livro-faz-acontecer\\\/#breadcrumb\"},\"inLanguage\":\"en-GB\",\"potentialAction\":[{\"@type\":\"ReadAction\",\"target\":[\"https:\\\/\\\/backup.andreleonardo.com\\\/produto\\\/livro-faz-acontecer\\\/\"]}]},{\"@type\":\"ImageObject\",\"inLanguage\":\"en-GB\",\"@id\":\"https:\\\/\\\/backup.andreleonardo.com\\\/produto\\\/livro-faz-acontecer\\\/#primaryimage\",\"url\":\"https:\\\/\\\/backup.andreleonardo.com\\\/wp-content\\\/uploads\\\/2016\\\/10\\\/Livro-Faz-Acontecer.png\",\"contentUrl\":\"https:\\\/\\\/backup.andreleonardo.com\\\/wp-content\\\/uploads\\\/2016\\\/10\\\/Livro-Faz-Acontecer.png\",\"width\":540,\"height\":540},{\"@type\":\"BreadcrumbList\",\"@id\":\"https:\\\/\\\/backup.andreleonardo.com\\\/produto\\\/livro-faz-acontecer\\\/#breadcrumb\",\"itemListElement\":[{\"@type\":\"ListItem\",\"position\":1,\"name\":\"In\u00edcio\",\"item\":\"https:\\\/\\\/backup.andreleonardo.com\\\/\"},{\"@type\":\"ListItem\",\"position\":2,\"name\":\"Loja\",\"item\":\"https:\\\/\\\/backup.andreleonardo.com\\\/loja\\\/\"},{\"@type\":\"ListItem\",\"position\":3,\"name\":\"Livro &#8216;Faz Acontecer&#8217;\"}]},{\"@type\":\"WebSite\",\"@id\":\"https:\\\/\\\/backup.andreleonardo.com\\\/#website\",\"url\":\"https:\\\/\\\/backup.andreleonardo.com\\\/\",\"name\":\"Andr\u00e9 Leonardo\",\"description\":\"Empreendedor | Viajante | Autor &amp; Orador\",\"publisher\":{\"@id\":\"https:\\\/\\\/backup.andreleonardo.com\\\/#\\\/schema\\\/person\\\/1ab1704152fce946375d4c415284f0f3\"},\"potentialAction\":[{\"@type\":\"SearchAction\",\"target\":{\"@type\":\"EntryPoint\",\"urlTemplate\":\"https:\\\/\\\/backup.andreleonardo.com\\\/?s={search_term_string}\"},\"query-input\":{\"@type\":\"PropertyValueSpecification\",\"valueRequired\":true,\"valueName\":\"search_term_string\"}}],\"inLanguage\":\"en-GB\"},{\"@type\":[\"Person\",\"Organization\"],\"@id\":\"https:\\\/\\\/backup.andreleonardo.com\\\/#\\\/schema\\\/person\\\/1ab1704152fce946375d4c415284f0f3\",\"name\":\"Andr\u00e9 Leonardo\",\"image\":{\"@type\":\"ImageObject\",\"inLanguage\":\"en-GB\",\"@id\":\"https:\\\/\\\/backup.andreleonardo.com\\\/wp-content\\\/uploads\\\/2019\\\/09\\\/Andr\u00e9-Leonardo.jpg\",\"url\":\"https:\\\/\\\/backup.andreleonardo.com\\\/wp-content\\\/uploads\\\/2019\\\/09\\\/Andr\u00e9-Leonardo.jpg\",\"contentUrl\":\"https:\\\/\\\/backup.andreleonardo.com\\\/wp-content\\\/uploads\\\/2019\\\/09\\\/Andr\u00e9-Leonardo.jpg\",\"width\":1600,\"height\":500,\"caption\":\"Andr\u00e9 Leonardo\"},\"logo\":{\"@id\":\"https:\\\/\\\/backup.andreleonardo.com\\\/wp-content\\\/uploads\\\/2019\\\/09\\\/Andr\u00e9-Leonardo.jpg\"},\"description\":\"Empreendedor | Viajante | Autor &amp; Orador\",\"sameAs\":[\"https:\\\/\\\/backup.andreleonardo.com\"]}]}<\/script>\n<!-- \/ Yoast SEO plugin. -->","yoast_head_json":{"title":"Livro Faz Acontecer - Volta ao Mundo de mochila \u00e0s costas","description":"Livro Faz Acontecer da autoria de Andr\u00e9 Leonardo contem algumas das hist\u00f3rias mais inspiradoras que este recolheu ao longo de uma viagem \u00e0 volta ao mundo.","robots":{"index":"index","follow":"follow","max-snippet":"max-snippet:-1","max-image-preview":"max-image-preview:large","max-video-preview":"max-video-preview:-1"},"canonical":"https:\/\/backup.andreleonardo.com\/en\/product\/livro-faz-acontecer\/","og_locale":"en_GB","og_type":"article","og_title":"Livro Faz Acontecer - Volta ao Mundo de mochila \u00e0s costas","og_description":"Livro Faz Acontecer da autoria de Andr\u00e9 Leonardo contem algumas das hist\u00f3rias mais inspiradoras que este recolheu ao longo de uma viagem \u00e0 volta ao mundo.","og_url":"https:\/\/backup.andreleonardo.com\/en\/product\/livro-faz-acontecer\/","og_site_name":"Andr\u00e9 Leonardo","article_modified_time":"2024-09-05T11:44:51+00:00","og_image":[{"width":540,"height":540,"url":"https:\/\/backup.andreleonardo.com\/wp-content\/uploads\/2016\/10\/Livro-Faz-Acontecer.png","type":"image\/png"}],"twitter_card":"summary_large_image","twitter_misc":{"Estimated reading time":"3 minutes"},"schema":{"@context":"https:\/\/schema.org","@graph":[{"@type":"WebPage","@id":"https:\/\/backup.andreleonardo.com\/produto\/livro-faz-acontecer\/","url":"https:\/\/backup.andreleonardo.com\/produto\/livro-faz-acontecer\/","name":"Livro Faz Acontecer - Volta ao Mundo de mochila \u00e0s costas","isPartOf":{"@id":"https:\/\/backup.andreleonardo.com\/#website"},"primaryImageOfPage":{"@id":"https:\/\/backup.andreleonardo.com\/produto\/livro-faz-acontecer\/#primaryimage"},"image":{"@id":"https:\/\/backup.andreleonardo.com\/produto\/livro-faz-acontecer\/#primaryimage"},"thumbnailUrl":"https:\/\/backup.andreleonardo.com\/wp-content\/uploads\/2016\/10\/Livro-Faz-Acontecer.png","datePublished":"2016-10-21T12:45:25+00:00","dateModified":"2024-09-05T11:44:51+00:00","description":"Livro Faz Acontecer da autoria de Andr\u00e9 Leonardo contem algumas das hist\u00f3rias mais inspiradoras que este recolheu ao longo de uma viagem \u00e0 volta ao mundo.","breadcrumb":{"@id":"https:\/\/backup.andreleonardo.com\/produto\/livro-faz-acontecer\/#breadcrumb"},"inLanguage":"en-GB","potentialAction":[{"@type":"ReadAction","target":["https:\/\/backup.andreleonardo.com\/produto\/livro-faz-acontecer\/"]}]},{"@type":"ImageObject","inLanguage":"en-GB","@id":"https:\/\/backup.andreleonardo.com\/produto\/livro-faz-acontecer\/#primaryimage","url":"https:\/\/backup.andreleonardo.com\/wp-content\/uploads\/2016\/10\/Livro-Faz-Acontecer.png","contentUrl":"https:\/\/backup.andreleonardo.com\/wp-content\/uploads\/2016\/10\/Livro-Faz-Acontecer.png","width":540,"height":540},{"@type":"BreadcrumbList","@id":"https:\/\/backup.andreleonardo.com\/produto\/livro-faz-acontecer\/#breadcrumb","itemListElement":[{"@type":"ListItem","position":1,"name":"In\u00edcio","item":"https:\/\/backup.andreleonardo.com\/"},{"@type":"ListItem","position":2,"name":"Loja","item":"https:\/\/backup.andreleonardo.com\/loja\/"},{"@type":"ListItem","position":3,"name":"Livro &#8216;Faz Acontecer&#8217;"}]},{"@type":"WebSite","@id":"https:\/\/backup.andreleonardo.com\/#website","url":"https:\/\/backup.andreleonardo.com\/","name":"Andr\u00e9 Leonardo","description":"Empreendedor | Viajante | Autor &amp; Orador","publisher":{"@id":"https:\/\/backup.andreleonardo.com\/#\/schema\/person\/1ab1704152fce946375d4c415284f0f3"},"potentialAction":[{"@type":"SearchAction","target":{"@type":"EntryPoint","urlTemplate":"https:\/\/backup.andreleonardo.com\/?s={search_term_string}"},"query-input":{"@type":"PropertyValueSpecification","valueRequired":true,"valueName":"search_term_string"}}],"inLanguage":"en-GB"},{"@type":["Person","Organization"],"@id":"https:\/\/backup.andreleonardo.com\/#\/schema\/person\/1ab1704152fce946375d4c415284f0f3","name":"Andr\u00e9 Leonardo","image":{"@type":"ImageObject","inLanguage":"en-GB","@id":"https:\/\/backup.andreleonardo.com\/wp-content\/uploads\/2019\/09\/Andr\u00e9-Leonardo.jpg","url":"https:\/\/backup.andreleonardo.com\/wp-content\/uploads\/2019\/09\/Andr\u00e9-Leonardo.jpg","contentUrl":"https:\/\/backup.andreleonardo.com\/wp-content\/uploads\/2019\/09\/Andr\u00e9-Leonardo.jpg","width":1600,"height":500,"caption":"Andr\u00e9 Leonardo"},"logo":{"@id":"https:\/\/backup.andreleonardo.com\/wp-content\/uploads\/2019\/09\/Andr\u00e9-Leonardo.jpg"},"description":"Empreendedor | Viajante | Autor &amp; Orador","sameAs":["https:\/\/backup.andreleonardo.com"]}]}},"_links":{"self":[{"href":"https:\/\/backup.andreleonardo.com\/en\/wp-json\/wp\/v2\/product\/2662","targetHints":{"allow":["GET"]}}],"collection":[{"href":"https:\/\/backup.andreleonardo.com\/en\/wp-json\/wp\/v2\/product"}],"about":[{"href":"https:\/\/backup.andreleonardo.com\/en\/wp-json\/wp\/v2\/types\/product"}],"replies":[{"embeddable":true,"href":"https:\/\/backup.andreleonardo.com\/en\/wp-json\/wp\/v2\/comments?post=2662"}],"wp:featuredmedia":[{"embeddable":true,"href":"https:\/\/backup.andreleonardo.com\/en\/wp-json\/wp\/v2\/media\/4349"}],"wp:attachment":[{"href":"https:\/\/backup.andreleonardo.com\/en\/wp-json\/wp\/v2\/media?parent=2662"}],"wp:term":[{"taxonomy":"product_brand","embeddable":true,"href":"https:\/\/backup.andreleonardo.com\/en\/wp-json\/wp\/v2\/product_brand?post=2662"},{"taxonomy":"product_cat","embeddable":true,"href":"https:\/\/backup.andreleonardo.com\/en\/wp-json\/wp\/v2\/product_cat?post=2662"},{"taxonomy":"product_tag","embeddable":true,"href":"https:\/\/backup.andreleonardo.com\/en\/wp-json\/wp\/v2\/product_tag?post=2662"}],"curies":[{"name":"wp","href":"https:\/\/api.w.org\/{rel}","templated":true}]}}